{"id":7502,"date":"2025-09-16T19:54:28","date_gmt":"2025-09-16T19:54:28","guid":{"rendered":"https:\/\/transpanish.biz\/es\/?page_id=7502"},"modified":"2025-09-16T19:56:19","modified_gmt":"2025-09-16T19:56:19","slug":"traduccion-inclusiva","status":"publish","type":"page","link":"https:\/\/transpanish.biz\/es\/traduccion-inclusiva\/","title":{"rendered":"Traducci\u00f3n inclusiva en espa\u00f1ol e ingl\u00e9s | Transpanish"},"content":{"rendered":"\t\t<div data-elementor-type=\"wp-page\" data-elementor-id=\"7502\" class=\"elementor elementor-7502\" data-elementor-post-type=\"page\">\n\t\t\t\t<div class=\"elementor-element elementor-element-6c67d91 e-flex e-con-boxed e-con e-parent\" data-id=\"6c67d91\" data-element_type=\"container\" data-e-type=\"container\">\n\t\t\t\t\t<div class=\"e-con-inner\">\n\t\t<div class=\"elementor-element elementor-element-eeb81ca e-con-full e-flex e-con e-child\" data-id=\"eeb81ca\" data-element_type=\"container\" data-e-type=\"container\">\n\t\t<div class=\"elementor-element elementor-element-c297068 e-con-full e-flex e-con e-child\" data-id=\"c297068\" data-element_type=\"container\" data-e-type=\"container\" data-settings=\"{&quot;background_background&quot;:&quot;classic&quot;}\">\n\t\t<div class=\"elementor-element elementor-element-d5dd13f e-con-full e-flex e-con e-child\" data-id=\"d5dd13f\" data-element_type=\"container\" data-e-type=\"container\">\n\t\t\t\t<div class=\"elementor-element elementor-element-f08dd9c elementor-widget elementor-widget-heading\" data-id=\"f08dd9c\" data-element_type=\"widget\" data-e-type=\"widget\" data-widget_type=\"heading.default\">\n\t\t\t\t<div class=\"elementor-widget-container\">\n\t\t\t\t\t<h1 class=\"elementor-heading-title elementor-size-default\"><p><b>Traducci\u00f3n con\nlenguaje inclusivo y adaptaci\u00f3n de textos en espa\u00f1ol e ingl\u00e9s<\/b> <\/p><\/h1>\t\t\t\t<\/div>\n\t\t\t\t<\/div>\n\t\t\t\t<div class=\"elementor-element elementor-element-8543114 elementor-widget elementor-widget-spacer\" data-id=\"8543114\" data-element_type=\"widget\" data-e-type=\"widget\" data-widget_type=\"spacer.default\">\n\t\t\t\t<div class=\"elementor-widget-container\">\n\t\t\t\t\t\t\t<div class=\"elementor-spacer\">\n\t\t\t<div class=\"elementor-spacer-inner\"><\/div>\n\t\t<\/div>\n\t\t\t\t\t\t<\/div>\n\t\t\t\t<\/div>\n\t\t\t\t<div class=\"elementor-element elementor-element-17730cc elementor-widget elementor-widget-text-editor\" data-id=\"17730cc\" data-element_type=\"widget\" data-e-type=\"widget\" data-widget_type=\"text-editor.default\">\n\t\t\t\t<div class=\"elementor-widget-container\">\n\t\t\t\t\t\t\t\t\t<p><b><strong>Por qu\u00e9 importa el lenguaje inclusivo, especialmente en espa\u00f1ol<\/strong><\/b><\/p>\n\n<p>\n\u00bfQuiere que su contenido refleje los valores actuales de equidad, inclusi\u00f3n y diversidad, sin perder claridad ni profesionalismo? En Transpanish ofrecemos servicios de traducci\u00f3n y adaptaci\u00f3n con lenguaje inclusivo para contenidos en espa\u00f1ol, ayud\u00e1ndole a comunicarse con respeto, sensibilidad y coherencia.\n<\/p>\n\n<p>\nAunque el lenguaje inclusivo avanza cada vez m\u00e1s en ingl\u00e9s (piense en pronombres neutros y un vocabulario libre de sesgos), el desaf\u00edo es a\u00fan mayor en espa\u00f1ol, donde la gram\u00e1tica est\u00e1 fuertemente marcada por el g\u00e9nero y las formas tradicionales suelen excluir muchas identidades. Nuestros servicios est\u00e1n dise\u00f1ados para enfrentar este reto de manera directa, brind\u00e1ndole comunicaci\u00f3n en espa\u00f1ol que sea:\n<\/p>\n\n<ul>\n  <li>Clara y accesible<\/li>\n  <li>Incluyente y no sexista<\/li>\n  <li>Cultural y contextualmente adecuada<\/li>\n<\/ul>\n\t\t\t\t\t\t\t\t<\/div>\n\t\t\t\t<\/div>\n\t\t\t\t<\/div>\n\t\t\t\t<\/div>\n\t\t\t\t<\/div>\n\t\t<div class=\"elementor-element elementor-element-b512244 e-con-full e-flex e-con e-child\" data-id=\"b512244\" data-element_type=\"container\" data-e-type=\"container\">\n\t\t<div class=\"elementor-element elementor-element-1e53b0e e-con-full e-flex e-con e-child\" data-id=\"1e53b0e\" data-element_type=\"container\" data-e-type=\"container\">\n\t\t\t\t<div class=\"elementor-element elementor-element-6459e74 elementor-widget elementor-widget-heading\" data-id=\"6459e74\" data-element_type=\"widget\" data-e-type=\"widget\" data-widget_type=\"heading.default\">\n\t\t\t\t<div class=\"elementor-widget-container\">\n\t\t\t\t\t<h2 class=\"elementor-heading-title elementor-size-default\">Comunicaci\u00f3n moderna y respetuosa que refleja sus valores<\/h2>\t\t\t\t<\/div>\n\t\t\t\t<\/div>\n\t\t\t\t<\/div>\n\t\t\t\t<\/div>\n\t\t<div class=\"elementor-element elementor-element-ca056f6 e-con-full e-flex e-con e-child\" data-id=\"ca056f6\" data-element_type=\"container\" data-e-type=\"container\">\n\t\t<div class=\"elementor-element elementor-element-0bfa9b4 e-con-full e-flex e-con e-child\" data-id=\"0bfa9b4\" data-element_type=\"container\" data-e-type=\"container\">\n\t\t\t\t<div class=\"elementor-element elementor-element-0437f38 elementor-widget elementor-widget-image\" data-id=\"0437f38\" data-element_type=\"widget\" data-e-type=\"widget\" data-widget_type=\"image.default\">\n\t\t\t\t<div class=\"elementor-widget-container\">\n\t\t\t\t\t\t\t\t\t\t\t\t\t\t\t<img fetchpriority=\"high\" decoding=\"async\" width=\"480\" height=\"445\" src=\"https:\/\/transpanish.biz\/es\/wp-content\/uploads\/2025\/09\/inclusive-language-480x445.jpg\" class=\"attachment-medium size-medium wp-image-7504\" alt=\"\" srcset=\"https:\/\/transpanish.biz\/es\/wp-content\/uploads\/2025\/09\/inclusive-language-480x445.jpg 480w, https:\/\/transpanish.biz\/es\/wp-content\/uploads\/2025\/09\/inclusive-language-768x712.jpg 768w, https:\/\/transpanish.biz\/es\/wp-content\/uploads\/2025\/09\/inclusive-language.jpg 900w\" sizes=\"(max-width: 480px) 100vw, 480px\" \/>\t\t\t\t\t\t\t\t\t\t\t\t\t\t\t<\/div>\n\t\t\t\t<\/div>\n\t\t\t\t<\/div>\n\t\t<div class=\"elementor-element elementor-element-df2a7ba e-con-full e-flex e-con e-child\" data-id=\"df2a7ba\" data-element_type=\"container\" data-e-type=\"container\">\n\t\t\t\t<div class=\"elementor-element elementor-element-8f93ed0 elementor-widget elementor-widget-text-editor\" data-id=\"8f93ed0\" data-element_type=\"widget\" data-e-type=\"widget\" data-widget_type=\"text-editor.default\">\n\t\t\t\t<div class=\"elementor-widget-container\">\n\t\t\t\t\t\t\t\t\t<p>El lenguaje inclusivo va m\u00e1s all\u00e1 de evitar el masculino gen\u00e9rico. Nos comprometemos a reformular cuidadosamente cada frase para reflejar una visi\u00f3n verdaderamente inclusiva del mundo, asegurando que cada palabra suene natural y profesional. Priorizamos un lenguaje claro, sensible al g\u00e9nero y fluido para toda la audiencia. Adaptamos nuestro enfoque seg\u00fan el contexto y las necesidades de cada cliente, reservando opciones como el uso de la \u201ce\u201d o la \u201cx\u201d en textos en espa\u00f1ol para casos espec\u00edficos en los que se mantengan la claridad y la intenci\u00f3n..<\/p><p>Reconocemos que la comunicaci\u00f3n inclusiva no es una soluci\u00f3n \u00fanica para todas las situaciones. Por eso, nuestro equipo considera con atenci\u00f3n a la audiencia, el tono y el medio, garantizando que el mensaje resuene de forma genuina en distintas culturas y plataformas. Al combinar el conocimiento ling\u00fc\u00edstico con la conciencia cultural, ayudamos a las organizaciones a generar confianza, promover la equidad y fortalecer su conexi\u00f3n con cada una de las personas que las leen.<\/p>\t\t\t\t\t\t\t\t<\/div>\n\t\t\t\t<\/div>\n\t\t\t\t<\/div>\n\t\t\t\t<\/div>\n\t\t<div class=\"elementor-element elementor-element-87d8b28 e-con-full e-flex e-con e-child\" data-id=\"87d8b28\" data-element_type=\"container\" data-e-type=\"container\">\n\t\t\t\t<div class=\"elementor-element elementor-element-07c25a1 elementor-widget elementor-widget-heading\" data-id=\"07c25a1\" data-element_type=\"widget\" data-e-type=\"widget\" data-widget_type=\"heading.default\">\n\t\t\t\t<div class=\"elementor-widget-container\">\n\t\t\t\t\t<h2 class=\"elementor-heading-title elementor-size-default\">Nuestros servicios integrales de lenguaje inclusivo<\/h2>\t\t\t\t<\/div>\n\t\t\t\t<\/div>\n\t\t\t\t<\/div>\n\t\t<div class=\"elementor-element elementor-element-e51d48c e-con-full e-flex e-con e-child\" data-id=\"e51d48c\" data-element_type=\"container\" data-e-type=\"container\">\n\t\t\t\t<div class=\"elementor-element elementor-element-32138ba elementor-widget elementor-widget-text-editor\" data-id=\"32138ba\" data-element_type=\"widget\" data-e-type=\"widget\" data-widget_type=\"text-editor.default\">\n\t\t\t\t<div class=\"elementor-widget-container\">\n\t\t\t\t\t\t\t\t\t<p><b><strong>Traducci\u00f3n inclusiva al espa\u00f1ol<\/strong><\/b><\/p>\n<p>\nNos especializamos en traducir su contenido del ingl\u00e9s al espa\u00f1ol utilizando estrategias de lenguaje inclusivo dise\u00f1adas para conectar con audiencias diversas. Esto incluye el uso de sustantivos colectivos, redacci\u00f3n neutral y estructuras sensibles al g\u00e9nero que respetan todas las identidades. Cada traducci\u00f3n se adapta cuidadosamente a su audiencia, prop\u00f3sito y contexto espec\u00edficos, garantizando claridad, adecuaci\u00f3n cultural y una comunicaci\u00f3n respetuosa en todo momento.\n<\/p>\n\n<p><b><strong>Adaptaci\u00f3n de lenguaje inclusivo en espa\u00f1ol<\/strong><\/b><\/p>\n<p>\nSi ya cuenta con contenido en espa\u00f1ol, podemos revisarlo, corregirlo y adaptarlo para que sea m\u00e1s inclusivo y sensible. Nuestro enfoque consiste en identificar y eliminar expresiones anticuadas, sesgadas o excluyentes, manteniendo al mismo tiempo la claridad y el profesionalismo del mensaje original. Priorizamos una redacci\u00f3n natural y accesible que se alinee con las pr\u00e1cticas contempor\u00e1neas del lenguaje inclusivo, haciendo que su contenido resulte acogedor para toda la audiencia.\n<\/p>\n\n<p><b><strong>Edici\u00f3n inclusiva y lectura de sensibilidad \u2013 espa\u00f1ol e ingl\u00e9s<\/strong><\/b><\/p>\n<p>\nOfrecemos servicios expertos de edici\u00f3n inclusiva tanto en espa\u00f1ol como en ingl\u00e9s. En el caso de contenidos en ingl\u00e9s, lo ayudamos a adoptar pronombres neutros, evitar t\u00edtulos de trabajo con marca de g\u00e9nero y eliminar expresiones sesgadas o excluyentes para promover un tono equitativo. Tanto en espa\u00f1ol como en ingl\u00e9s, nos aseguramos cuidadosamente de que su mensaje refleje las \u00faltimas pr\u00e1cticas recomendadas en comunicaci\u00f3n inclusiva, reforzando el compromiso de su marca con la diversidad, la equidad y el respeto.\n<\/p>\n\t\t\t\t\t\t\t\t<\/div>\n\t\t\t\t<\/div>\n\t\t\t\t<\/div>\n\t\t\t\t\t<\/div>\n\t\t\t\t<\/div>\n\t\t<div class=\"elementor-element elementor-element-d5e4f79 e-grid e-con-full e-con e-parent\" data-id=\"d5e4f79\" data-element_type=\"container\" data-e-type=\"container\">\n\t\t\t\t<div class=\"elementor-element elementor-element-3aeb9d8 elementor-widget elementor-widget-text-editor\" data-id=\"3aeb9d8\" data-element_type=\"widget\" data-e-type=\"widget\" data-widget_type=\"text-editor.default\">\n\t\t\t\t<div class=\"elementor-widget-container\">\n\t\t\t\t\t\t\t\t\t<p style=\"text-align: center; font-weight: bold; font-size: 22px; color: #333333; margin: 0 0 12px 0;\"><br \/>Por qu\u00e9 elegir Transpanish<\/p><ul style=\"list-style-type: disc; text-align: left; padding-left: 20px; margin-top: 0;\"><li>M\u00e1s de 20 a\u00f1os de experiencia en traducci\u00f3n, adaptaci\u00f3n y edici\u00f3n<\/li><li>Especializaci\u00f3n en los matices ling\u00fc\u00edsticos y culturales del espa\u00f1ol de Am\u00e9rica Latina y de Estados Unidos<\/li><li>Conocimiento profundo de lenguaje inclusivo y de los est\u00e1ndares editoriales m\u00e1s actuales<\/li><li>Servicio personalizado que combina excelencia ling\u00fc\u00edstica con compromiso \u00e9tico<\/li><li>Enfoque flexible y centrado en el cliente, adaptado a sus necesidades y objetivos de comunicaci\u00f3n<\/li><\/ul>\t\t\t\t\t\t\t\t<\/div>\n\t\t\t\t<\/div>\n\t\t\t\t<div class=\"elementor-element elementor-element-1031adf elementor-widget elementor-widget-text-editor\" data-id=\"1031adf\" data-element_type=\"widget\" data-e-type=\"widget\" data-widget_type=\"text-editor.default\">\n\t\t\t\t<div class=\"elementor-widget-container\">\n\t\t\t\t\t\t\t\t\t<p style=\"text-align: center; font-weight: bold; font-size: 22px; color: #333333; margin: 0 0 12px 0;\"><br \/>Trabajamos con una amplia variedad de contenidos<\/p><ul style=\"list-style-type: disc; text-align: left; padding-left: 20px; margin-top: 0;\"><li>Sitios web, blogs y plataformas digitales<\/li><li>Informes, manuales, materiales de capacitaci\u00f3n y educativos<\/li><li>Documentos legales, administrativos y normativos<\/li><li>Boletines, publicaciones en redes sociales y campa\u00f1as de marketing<\/li><li>Comunicaciones corporativas y empresariales<\/li><li>Recursos de salud, cient\u00edficos y del sector sin fines de lucro<\/li><li>Contenido creativo (folletos, comunicados de prensa, textos publicitarios y proyectos culturales)<\/li><\/ul>\t\t\t\t\t\t\t\t<\/div>\n\t\t\t\t<\/div>\n\t\t\t\t<\/div>\n\t\t<div class=\"elementor-element elementor-element-d81bbc1 e-flex e-con-boxed e-con e-parent\" data-id=\"d81bbc1\" data-element_type=\"container\" data-e-type=\"container\">\n\t\t\t\t\t<div class=\"e-con-inner\">\n\t\t\t\t<div class=\"elementor-element elementor-element-04b0a99 elementor-widget elementor-widget-text-editor\" data-id=\"04b0a99\" data-element_type=\"widget\" data-e-type=\"widget\" data-widget_type=\"text-editor.default\">\n\t\t\t\t<div class=\"elementor-widget-container\">\n\t\t\t\t\t\t\t\t\t<p><a href=\"https:\/\/transpanish.biz\/contact-us\/\">Cont\u00e1ctenos hoy<\/a> para solicitar un presupuesto sin compromiso. Estamos aqu\u00ed para ayudarle a comunicar con claridad, respeto e inclusi\u00f3n.<\/p>\t\t\t\t\t\t\t\t<\/div>\n\t\t\t\t<\/div>\n\t\t\t\t\t<\/div>\n\t\t\t\t<\/div>\n\t\t\t\t<\/div>\n\t\t","protected":false},"excerpt":{"rendered":"<p>Traducci\u00f3n con lenguaje inclusivo y adaptaci\u00f3n de textos en espa\u00f1ol e ingl\u00e9s Por qu\u00e9 importa el lenguaje inclusivo, especialmente en espa\u00f1ol \u00bfQuiere que su contenido refleje los valores actuales de equidad, inclusi\u00f3n y diversidad, sin perder claridad ni profesionalismo? En Transpanish ofrecemos servicios de traducci\u00f3n y adaptaci\u00f3n con lenguaje inclusivo para contenidos en espa\u00f1ol, ayud\u00e1ndole [&hellip;]<\/p>\n","protected":false},"author":1,"featured_media":0,"parent":0,"menu_order":0,"comment_status":"closed","ping_status":"closed","template":"","meta":{"footnotes":""},"class_list":["post-7502","page","type-page","status-publish","hentry"],"aioseo_notices":[],"_links":{"self":[{"href":"https:\/\/transpanish.biz\/es\/wp-json\/wp\/v2\/pages\/7502","targetHints":{"allow":["GET"]}}],"collection":[{"href":"https:\/\/transpanish.biz\/es\/wp-json\/wp\/v2\/pages"}],"about":[{"href":"https:\/\/transpanish.biz\/es\/wp-json\/wp\/v2\/types\/page"}],"author":[{"embeddable":true,"href":"https:\/\/transpanish.biz\/es\/wp-json\/wp\/v2\/users\/1"}],"replies":[{"embeddable":true,"href":"https:\/\/transpanish.biz\/es\/wp-json\/wp\/v2\/comments?post=7502"}],"version-history":[{"count":23,"href":"https:\/\/transpanish.biz\/es\/wp-json\/wp\/v2\/pages\/7502\/revisions"}],"predecessor-version":[{"id":7526,"href":"https:\/\/transpanish.biz\/es\/wp-json\/wp\/v2\/pages\/7502\/revisions\/7526"}],"wp:attachment":[{"href":"https:\/\/transpanish.biz\/es\/wp-json\/wp\/v2\/media?parent=7502"}],"curies":[{"name":"wp","href":"https:\/\/api.w.org\/{rel}","templated":true}]}}