{"id":7452,"date":"2025-07-01T20:30:22","date_gmt":"2025-07-01T20:30:22","guid":{"rendered":"https:\/\/transpanish.biz\/es\/?page_id=7452"},"modified":"2025-09-27T17:55:13","modified_gmt":"2025-09-27T17:55:13","slug":"traduccion-automatica","status":"publish","type":"page","link":"https:\/\/transpanish.biz\/es\/traduccion-automatica\/","title":{"rendered":"Traducci\u00f3n autom\u00e1tica"},"content":{"rendered":"\t\t<div data-elementor-type=\"wp-page\" data-elementor-id=\"7452\" class=\"elementor elementor-7452\" data-elementor-post-type=\"page\">\n\t\t\t\t<div class=\"elementor-element elementor-element-dd91e52 e-con-full e-flex e-con e-child\" data-id=\"dd91e52\" data-element_type=\"container\" data-e-type=\"container\">\n\t\t\t\t<\/div>\n\t\t<div class=\"elementor-element elementor-element-a6d93c0 e-grid e-con-boxed e-con e-parent\" data-id=\"a6d93c0\" data-element_type=\"container\" data-e-type=\"container\">\n\t\t\t\t\t<div class=\"e-con-inner\">\n\t\t\t\t<div class=\"elementor-element elementor-element-7662a95 elementor-widget elementor-widget-text-editor\" data-id=\"7662a95\" data-element_type=\"widget\" data-e-type=\"widget\" data-widget_type=\"text-editor.default\">\n\t\t\t\t<div class=\"elementor-widget-container\">\n\t\t\t\t\t\t\t\t\t<h1><b>Traducci\u00f3n autom\u00e1tica e inteligencia artificial<\/b><\/h1>\t\t\t\t\t\t\t\t<\/div>\n\t\t\t\t<\/div>\n\t\t\t\t<div class=\"elementor-element elementor-element-ceb65b1 elementor-widget elementor-widget-text-editor\" data-id=\"ceb65b1\" data-element_type=\"widget\" data-e-type=\"widget\" data-widget_type=\"text-editor.default\">\n\t\t\t\t<div class=\"elementor-widget-container\">\n\t\t\t\t\t\t\t\t\t<p class=\"MsoNormal\"><span lang=\"es-419\">En Transpanish, incorporamos soluciones de traducci\u00f3n con inteligencia artificial para ofrecerle servicios m\u00e1s r\u00e1pidos y rentables, sin comprometer la calidad. Nuestras herramientas de traducci\u00f3n asistida por computadora (CAT) se integran de manera eficiente con nuestro equipo de traductores profesionales para optimizar el proceso de traducci\u00f3n, ahorr\u00e1ndole tiempo y dinero, y garantizando un resultado final adaptado a sus necesidades.<\/span><\/p>\t\t\t\t\t\t\t\t<\/div>\n\t\t\t\t<\/div>\n\t\t\t\t<div class=\"elementor-element elementor-element-0c7b45c elementor-widget elementor-widget-text-editor\" data-id=\"0c7b45c\" data-element_type=\"widget\" data-e-type=\"widget\" data-widget_type=\"text-editor.default\">\n\t\t\t\t<div class=\"elementor-widget-container\">\n\t\t\t\t\t\t\t\t\t<h1><b>Ahorre tiempo. Ahorre dinero. Obtenga resultados precisos<\/b><\/h1>\t\t\t\t\t\t\t\t<\/div>\n\t\t\t\t<\/div>\n\t\t\t\t\t<\/div>\n\t\t\t\t<\/div>\n\t\t<div class=\"elementor-element elementor-element-ec34352 e-flex e-con-boxed e-con e-parent\" data-id=\"ec34352\" data-element_type=\"container\" data-e-type=\"container\">\n\t\t\t\t\t<div class=\"e-con-inner\">\n\t\t<div class=\"elementor-element elementor-element-bd16cb4 e-con-full e-flex e-con e-child\" data-id=\"bd16cb4\" data-element_type=\"container\" data-e-type=\"container\">\n\t\t\t\t<div class=\"elementor-element elementor-element-6147ec1 elementor-widget elementor-widget-image\" data-id=\"6147ec1\" data-element_type=\"widget\" data-e-type=\"widget\" data-widget_type=\"image.default\">\n\t\t\t\t<div class=\"elementor-widget-container\">\n\t\t\t\t\t\t\t\t\t\t\t\t\t\t\t<img decoding=\"async\" src=\"https:\/\/transpanish.biz\/es\/wp-content\/uploads\/elementor\/thumbs\/bink_c_bus_11_tale_10-min-scaled-e1747599120944-r6hmluwlphb28gqf1v9nvit8thct6shx0n1risc33s.jpg\" title=\"bink_c_bus_11_tale_10-min-scaled-e1747599120944.jpg\" alt=\"bink_c_bus_11_tale_10-min-scaled-e1747599120944.jpg\" loading=\"lazy\" \/>\t\t\t\t\t\t\t\t\t\t\t\t\t\t\t<\/div>\n\t\t\t\t<\/div>\n\t\t\t\t<\/div>\n\t\t<div class=\"elementor-element elementor-element-fe5c055 e-con-full e-flex e-con e-child\" data-id=\"fe5c055\" data-element_type=\"container\" data-e-type=\"container\">\n\t\t\t\t<div class=\"elementor-element elementor-element-2830abf elementor-widget elementor-widget-text-editor\" data-id=\"2830abf\" data-element_type=\"widget\" data-e-type=\"widget\" data-widget_type=\"text-editor.default\">\n\t\t\t\t<div class=\"elementor-widget-container\">\n\t\t\t\t\t\t\t\t\t<p>Las traducciones generadas por IA son una herramienta valiosa para proyectos de gran volumen, ya que permiten cumplir con plazos ajustados sin sacrificar la calidad del contenido. La combinaci\u00f3n de algoritmos avanzados de aprendizaje autom\u00e1tico con la <a href=\"https:\/\/transpanish.biz\/es\/postedicion\/\">posedici\u00f3n humana<\/a> garantiza traducciones exactas, culturalmente relevantes y optimiza los tiempos de entrega.<\/p><p>Ya sea que trabaje con descripciones de productos, materiales de marketing o documentos que requieran una r\u00e1pida entrega, las soluciones con IA y traducci\u00f3n autom\u00e1tica pueden simplificar el proceso\u2014permiti\u00e9ndole concentrarse en lo m\u00e1s importante, mientras nosotros nos encargamos de la traducci\u00f3n.<\/p>\t\t\t\t\t\t\t\t<\/div>\n\t\t\t\t<\/div>\n\t\t\t\t<\/div>\n\t\t\t\t\t<\/div>\n\t\t\t\t<\/div>\n\t\t<div class=\"elementor-element elementor-element-26f8571 e-flex e-con-boxed e-con e-parent\" data-id=\"26f8571\" data-element_type=\"container\" data-e-type=\"container\">\n\t\t\t\t\t<div class=\"e-con-inner\">\n\t\t\t\t<div class=\"elementor-element elementor-element-eb01760 elementor-widget elementor-widget-text-editor\" data-id=\"eb01760\" data-element_type=\"widget\" data-e-type=\"widget\" data-widget_type=\"text-editor.default\">\n\t\t\t\t<div class=\"elementor-widget-container\">\n\t\t\t\t\t\t\t\t\t<h2><b>Cu\u00e1ndo usar la traducci\u00f3n autom\u00e1tica y cu\u00e1ndo no<\/b><\/h2>\t\t\t\t\t\t\t\t<\/div>\n\t\t\t\t<\/div>\n\t\t\t\t\t<\/div>\n\t\t\t\t<\/div>\n\t\t<div class=\"elementor-element elementor-element-4accc00 e-grid e-con-boxed e-con e-parent\" data-id=\"4accc00\" data-element_type=\"container\" data-e-type=\"container\">\n\t\t\t\t\t<div class=\"e-con-inner\">\n\t\t\t\t<div class=\"elementor-element elementor-element-a79f314 elementor-widget elementor-widget-text-editor\" data-id=\"a79f314\" data-element_type=\"widget\" data-e-type=\"widget\" data-widget_type=\"text-editor.default\">\n\t\t\t\t<div class=\"elementor-widget-container\">\n\t\t\t\t\t\t\t\t\t<p><b>Escenarios ideales para la<\/b> <b>traducci\u00f3n con IA<\/b><\/p><p>La traducci\u00f3n autom\u00e1tica es ideal para proyectos en los que la velocidad, la eficiencia de costos y la escalabilidad son las principales prioridades. Es especialmente \u00fatil para:<\/p><ul data-start=\"488\" data-end=\"1376\"><li data-start=\"488\" data-end=\"765\"><p data-start=\"490\" data-end=\"765\"><span data-start=\"490\" data-end=\"534\"><b>Traducci\u00f3n de contenido de gran volumen:<\/b><\/span> Ideal para traducir grandes cantidades de texto de manera r\u00e1pida y eficiente. La IA procesa miles de palabras en minutos, lo que la convierte en una excelente opci\u00f3n para localizar bases de datos, manuales o documentos internos.<\/p><\/li><li data-start=\"766\" data-end=\"931\"><p data-start=\"768\" data-end=\"931\"><span data-start=\"768\" data-end=\"788\"><b>Plazos urgentes:<\/b><\/span> Cuando los tiempos son ajustados, la IA permite obtener un borrador casi de inmediato, agilizando la edici\u00f3n o el uso interno del contenido.<\/p><\/li><li data-start=\"932\" data-end=\"1141\"><p data-start=\"934\" data-end=\"1141\"><span data-start=\"934\" data-end=\"973\"><b>Textos repetitivos o estructurados:<\/b><\/span> La IA sobresale en textos con frases y formatos consistentes. Es especialmente \u00fatil para listados de productos, especificaciones t\u00e9cnicas o contratos estandarizados.<\/p><\/li><li data-start=\"1142\" data-end=\"1376\"><p data-start=\"1144\" data-end=\"1376\"><span data-start=\"1144\" data-end=\"1185\"><b>Proyectos con presupuestos ajustados:<\/b><\/span> En traducciones recurrentes o a gran escala, la IA permite reducir costos. Al generar una primera versi\u00f3n autom\u00e1tica y luego realizar la revisi\u00f3n humana, se obtiene una soluci\u00f3n rentable y eficaz.<\/p><\/li><\/ul>\t\t\t\t\t\t\t\t<\/div>\n\t\t\t\t<\/div>\n\t\t\t\t<div class=\"elementor-element elementor-element-0038b3d elementor-widget elementor-widget-text-editor\" data-id=\"0038b3d\" data-element_type=\"widget\" data-e-type=\"widget\" data-widget_type=\"text-editor.default\">\n\t\t\t\t<div class=\"elementor-widget-container\">\n\t\t\t\t\t\t\t\t\t<p><b>Cu\u00e1ndo es imprescindible un traductor humano<\/b><\/p><p>Hay proyectos que requieren matices, sensibilidad cultural y precisi\u00f3n que solo un traductor humano puede aportar. Recomendamos optar por traducci\u00f3n humana en estos casos:<\/p><ul><li data-start=\"1444\" data-end=\"1699\"><p data-start=\"1446\" data-end=\"1699\"><span data-start=\"1446\" data-end=\"1487\"><b>Localizaci\u00f3n creativa y de marketing:<\/b><\/span> La IA suele fallar en captar tono, emoci\u00f3n y contexto cultural, elementos clave en los mensajes de marca. El traductor profesional adapta el contenido para que resuene localmente y conserve la voz de su marca.<\/p><\/li><li data-start=\"1700\" data-end=\"1930\"><p data-start=\"1702\" data-end=\"1930\"><span data-start=\"1702\" data-end=\"1746\"><b>Especialidades t\u00e9cnicas y contenido sensible:<\/b><\/span>\u00a0Los documentos legales, m\u00e9dicos o confidenciales exigen conocimientos especializados. Un traductor profesional garantiza precisi\u00f3n terminol\u00f3gica y evita errores costosos.<\/p><\/li><li data-start=\"1931\" data-end=\"2115\"><p data-start=\"1933\" data-end=\"2115\"><span data-start=\"1933\" data-end=\"1974\"><b>Textos con alto contenido contextual:<\/b><\/span> La IA puede malinterpretar iron\u00eda, humor o expresiones regionales. Un ling\u00fcista capta esos matices y transmite fielmente el sentido original.<\/p><\/li><li data-start=\"2116\" data-end=\"2363\"><p data-start=\"2118\" data-end=\"2363\"><b><span data-start=\"2118\" data-end=\"2155\">Consistencia en el tono de marca:<\/span> <\/b>Aunque la IA puede entrenarse con una gu\u00eda, no siempre mantiene un tono natural y coherente. El traductor profesional toma decisiones creativas para que el mensaje suene aut\u00e9ntico y conecte con su audiencia.<\/p><\/li><\/ul>\t\t\t\t\t\t\t\t<\/div>\n\t\t\t\t<\/div>\n\t\t\t\t\t<\/div>\n\t\t\t\t<\/div>\n\t\t<div class=\"elementor-element elementor-element-bba37c3 e-flex e-con-boxed e-con e-parent\" data-id=\"bba37c3\" data-element_type=\"container\" data-e-type=\"container\">\n\t\t\t\t\t<div class=\"e-con-inner\">\n\t\t\t\t<div class=\"elementor-element elementor-element-f0d42a9 elementor-widget elementor-widget-text-editor\" data-id=\"f0d42a9\" data-element_type=\"widget\" data-e-type=\"widget\" data-widget_type=\"text-editor.default\">\n\t\t\t\t<div class=\"elementor-widget-container\">\n\t\t\t\t\t\t\t\t\t<h2><strong>Posedici\u00f3n humana: el toque final<\/strong><\/h2>\t\t\t\t\t\t\t\t<\/div>\n\t\t\t\t<\/div>\n\t\t\t\t\t<\/div>\n\t\t\t\t<\/div>\n\t\t<div class=\"elementor-element elementor-element-519ce94 e-flex e-con-boxed e-con e-parent\" data-id=\"519ce94\" data-element_type=\"container\" data-e-type=\"container\">\n\t\t\t\t\t<div class=\"e-con-inner\">\n\t\t\t\t<div class=\"elementor-element elementor-element-46ed924 elementor-widget elementor-widget-text-editor\" data-id=\"46ed924\" data-element_type=\"widget\" data-e-type=\"widget\" data-widget_type=\"text-editor.default\">\n\t\t\t\t<div class=\"elementor-widget-container\">\n\t\t\t\t\t\t\t\t\t<p>Sin importar el tipo de contenido, nuestro equipo de traductores profesionales <a href=\"https:\/\/transpanish.biz\/es\/postedicion\/\">revisar\u00e1 y perfeccionar\u00e1<\/a> siempre las traducciones generadas por IA para garantizar fluidez, relevancia cultural y calidad general. Este proceso de posedici\u00f3n es fundamental para asegurarnos de que la traducci\u00f3n cumpla con nuestros altos est\u00e1ndares de precisi\u00f3n y adecuaci\u00f3n, sin perder los beneficios de velocidad y rentabilidad que ofrece la IA.<\/p><p>En Transpanish, nuestro enfoque combina lo mejor de ambos mundos \u2014tecnolog\u00eda de IA de \u00faltima generaci\u00f3n y experiencia humana profesional\u2014 para ofrecer traducciones que superen sus expectativas. Perm\u00edtanos mostrarle c\u00f3mo nuestras soluciones con IA pueden mejorar sus proyectos de traducci\u00f3n, ahorr\u00e1ndole tiempo y dinero mientras se asegura de que su mensaje sea claro, preciso y eficaz.<\/p><p><b>\u00bfListo para explorar soluciones de traducci\u00f3n con IA?<\/b><\/p><p><a href=\"https:\/\/transpanish.biz\/es\/contactenos\/\">Cont\u00e1ctenos<\/a> hoy mismo y perm\u00edtanos ayudarle a decidir la mejor opci\u00f3n para su pr\u00f3ximo proyecto. Ya sea que necesite traducciones con IA con posedici\u00f3n profesional o traducciones realizadas por traductores humanos, Transpanish est\u00e1 aqu\u00ed para guiarlo en cada etapa del proceso.<\/p>\t\t\t\t\t\t\t\t<\/div>\n\t\t\t\t<\/div>\n\t\t\t\t\t<\/div>\n\t\t\t\t<\/div>\n\t\t<div class=\"elementor-element elementor-element-190f0f0 e-con-full e-flex e-con e-child\" data-id=\"190f0f0\" data-element_type=\"container\" data-e-type=\"container\" data-settings=\"{&quot;background_background&quot;:&quot;classic&quot;}\">\n\t\t\t\t<div class=\"elementor-element elementor-element-53f9d1b elementor-widget elementor-widget-heading\" data-id=\"53f9d1b\" data-element_type=\"widget\" data-e-type=\"widget\" data-widget_type=\"heading.default\">\n\t\t\t\t<div class=\"elementor-widget-container\">\n\t\t\t\t\t<h2 class=\"elementor-heading-title elementor-size-default\"><span style=\"color:#000\">Solicite su presupuesto de \n<\/span> traducci\u00f3n sin cargo\n\n<\/h2>\t\t\t\t<\/div>\n\t\t\t\t<\/div>\n\t\t\t\t<div class=\"elementor-element elementor-element-b9f173e elementor-widget elementor-widget-shortcode\" data-id=\"b9f173e\" data-element_type=\"widget\" data-e-type=\"widget\" data-widget_type=\"shortcode.default\">\n\t\t\t\t<div class=\"elementor-widget-container\">\n\t\t\t\t\t\t\t<div class=\"elementor-shortcode\"><div class=\"forminator-ui forminator-custom-form forminator-custom-form-7266 forminator-design--flat  forminator_ajax\" data-forminator-render=\"0\" data-form=\"forminator-module-7266\" data-uid=\"69d4917fcc360\"><br\/><\/div><form\n\t\t\t\tid=\"forminator-module-7266\"\n\t\t\t\tclass=\"forminator-ui forminator-custom-form forminator-custom-form-7266 forminator-design--flat  forminator_ajax\"\n\t\t\t\tmethod=\"post\"\n\t\t\t\tdata-forminator-render=\"0\"\n\t\t\t\tdata-form-id=\"7266\"\n\t\t\t\tenctype=\"multipart\/form-data\" data-color-option=\"theme\" data-design=\"flat\" data-grid=\"open\" style=\"display: none;\"\n\t\t\t\tdata-uid=\"69d4917fcc360\"\n\t\t\t><div role=\"alert\" aria-live=\"polite\" class=\"forminator-response-message forminator-error\" aria-hidden=\"true\"><\/div><div role=\"tablist\" class=\"forminator-pagination-steps\" aria-label=\"Pagination\"><\/div><div\n\t\t\t\ttabindex=\"-1\"\n\t\t\t\trole=\"tabpanel\"\n\t\t\t\tid=\"forminator-custom-form-7266--page-0\"\n\t\t\t\tclass=\"forminator-pagination forminator-pagination-start\"\n\t\t\t\taria-labelledby=\"forminator-custom-form-7266--page-0-label\"\n\t\t\t\tdata-step=\"0\"\n\t\t\t\tdata-label=\"Finalizar\"\n\t\t\t\tdata-actual-label=\"Paso 1\"\n\t\t\t\tdata-name=\"page-break-1\"\n\t\t\t><div class=\"forminator-pagination--content\"><div class=\"forminator-row\"><div id=\"email-1\" class=\"forminator-field-email forminator-col forminator-col-12 \"><div class=\"forminator-field\"><input type=\"email\" name=\"email-1\" value=\"\" placeholder=\"Email\" id=\"forminator-field-email-1_69d4917fcc360\" class=\"forminator-input forminator-email--field\" data-required=\"true\" aria-required=\"true\" autocomplete=\"email\" \/><\/div><\/div><\/div><div class=\"forminator-row\"><div id=\"phone-1\" class=\"forminator-field-phone forminator-col forminator-col-12 \"><div class=\"forminator-field\"><input type=\"text\" name=\"phone-1\" value=\"\" placeholder=\"Tel\u00e9fono\" id=\"forminator-field-phone-1_69d4917fcc360\" class=\"forminator-input forminator-field--phone\" data-required=\"1\" aria-required=\"true\" autocomplete=\"off\" data-validation=\"1\" \/><\/div><\/div><\/div><div class=\"forminator-row\"><div id=\"select-1\" class=\"forminator-field-select forminator-col forminator-col-12 \"><div class=\"forminator-field\"><select  id=\"forminator-form-7266__field--select-1_69d4917fcc360\" class=\"forminator-select--field forminator-select2 forminator-select2-multiple\" data-required=\"1\" name=\"select-1\" data-default-value=\"\" data-hidden-behavior=\"zero\" data-placeholder=\"Servicio\" data-search=\"false\" data-search-placeholder=\"Servicio\" data-checkbox=\"false\" data-allow-clear=\"false\" aria-labelledby=\"forminator-form-7266__field--select-1_69d4917fcc360-label\"><option value=\"\"  >Servicio<\/option><option value=\"one\"  data-calculation=\"0\">Servicio<\/option><option value=\"two\"  data-calculation=\"0\">Traducci\u00f3n<\/option><option value=\"Proofreading-Editing\"  data-calculation=\"0\">Correcci\u00f3n y edici\u00f3n<\/option><option value=\"Copywriting\"  data-calculation=\"0\">Copywriting<\/option><option value=\"Social-Media\"  data-calculation=\"0\">Redes sociales<\/option><option value=\"Other\"  data-calculation=\"0\">Otros<\/option><\/select><\/div><\/div><\/div><div class=\"forminator-row\"><div id=\"select-2\" class=\"forminator-field-select forminator-col forminator-col-12 \"><div class=\"forminator-field\"><select  id=\"forminator-form-7266__field--select-2_69d4917fcc360\" class=\"forminator-select--field forminator-select2 forminator-select2-multiple\" data-required=\"1\" name=\"select-2\" data-default-value=\"\" data-hidden-behavior=\"zero\" data-placeholder=\"Idioma de origen\" data-search=\"false\" data-search-placeholder=\"Idioma de origen\" data-checkbox=\"false\" data-allow-clear=\"false\" aria-labelledby=\"forminator-form-7266__field--select-2_69d4917fcc360-label\"><option value=\"\"  >Idioma de origen<\/option><option value=\"one\"  data-calculation=\"0\">Ingl\u00e9s<\/option><option value=\"two\"  data-calculation=\"0\">Espa\u00f1ol<\/option><\/select><\/div><\/div><\/div><div class=\"forminator-row\"><div id=\"select-3\" class=\"forminator-field-select forminator-col forminator-col-12 \"><div class=\"forminator-field\"><select  id=\"forminator-form-7266__field--select-3_69d4917fcc360\" class=\"forminator-select--field forminator-select2 forminator-select2-multiple\" data-required=\"1\" name=\"select-3\" data-default-value=\"\" data-hidden-behavior=\"zero\" data-placeholder=\"Idioma de destino\" data-search=\"false\" data-search-placeholder=\"Idioma de destino\" data-checkbox=\"false\" data-allow-clear=\"false\" aria-labelledby=\"forminator-form-7266__field--select-3_69d4917fcc360-label\"><option value=\"\"  >Idioma de destino<\/option><option value=\"one\"  data-calculation=\"0\">Ingl\u00e9s<\/option><option value=\"two\"  data-calculation=\"0\">Espa\u00f1ol<\/option><\/select><\/div><\/div><\/div><\/div><\/div><div\n\t\t\t\ttabindex=\"-1\"\n\t\t\t\trole=\"tabpanel\"\n\t\t\t\tid=\"forminator-custom-form-7266--page-1\"\n\t\t\t\tclass=\"forminator-pagination\"\n\t\t\t\taria-labelledby=\"forminator-custom-form-7266--page-1-label\"\n\t\t\t\taria-hidden=\"true\"\n\t\t\t\tdata-step=\"1\"\n\t\t\t\tdata-label=\"Paso 1\"\n\t\t\t\tdata-actual-label=\"Finalizar\"\n\t\t\t\tdata-name=\"\"\n\t\t\t\thidden\n\t\t\t><div class=\"forminator-pagination--content\"><div class=\"forminator-row\"><div id=\"date-1\" class=\"forminator-field-date forminator-col forminator-col-12 \"><div class=\"forminator-field\"><label for=\"forminator-field-date-1-picker_69d4917fcc360\" id=\"forminator-field-date-1-picker_69d4917fcc360-label\" class=\"forminator-label\">Fecha <span class=\"forminator-required\">*<\/span><\/label><div class=\"forminator-input-with-icon\"><span class=\"forminator-icon-calendar\" aria-hidden=\"true\"><\/span><input autocomplete=\"off\" type=\"text\" size=\"1\" name=\"date-1\" value=\"\" placeholder=\"Plazo de entrega (dd\/mm\/yyyy)\" id=\"forminator-field-date-1-picker_69d4917fcc360\" class=\"forminator-input forminator-datepicker\" data-required=\"1\" data-format=\"dd-mm-yy\" data-restrict-type=\"\" data-restrict=\"\" data-start-year=\"1926\" data-end-year=\"2126\" data-past-dates=\"enable\" data-start-of-week=\"1\" data-start-date=\"\" data-end-date=\"\" data-start-field=\"\" data-end-field=\"\" data-start-offset=\"\" data-end-offset=\"\" data-disable-date=\"\" data-disable-range=\"\" \/><\/div><\/div><\/div><\/div><div class=\"forminator-row\"><div id=\"text-1\" class=\"forminator-field-text forminator-col forminator-col-12 \"><div class=\"forminator-field\"><input type=\"text\" name=\"text-1\" value=\"\" placeholder=\"Cup\u00f3n de descuento:\" id=\"forminator-field-text-1_69d4917fcc360\" class=\"forminator-input forminator-name--field\" data-required=\"\" \/><\/div><\/div><\/div><div class=\"forminator-row\"><div id=\"upload-1\" class=\"forminator-field-upload forminator-col forminator-col-12 \"><div class=\"forminator-field\"><span id=\"forminator-field-upload-1_69d4917fcc360-description\" class=\"forminator-description\">Hasta 3 archivos<\/span><div class=\"forminator-multi-upload \" data-element=\"upload-1_69d4917fcc360\" aria-describedby=\"forminator-field-upload-1_69d4917fcc360-description\"><input type=\"file\" name=\"upload-1[]\" id=\"forminator-field-upload-1_69d4917fcc360\" class=\"forminator-input-file forminator-field-upload-1_69d4917fcc360-7266\" multiple=\"multiple\" data-method=\"ajax\" data-limit=\"3\" data-limit-message=\"Puedes subir un m\u00e1ximo de 3 archivos.\" data-size=\"10000000\" data-size-message=\"El tama\u00f1o m\u00e1ximo de archivo permitido es 10 MB. \"><div class=\"forminator-multi-upload-message\" aria-hidden=\"true\"><span class=\"forminator-icon-upload\" aria-hidden=\"true\"><\/span><p>Arrastrar y soltar (o) <a class=\"forminator-upload-file--forminator-field-upload-1_69d4917fcc360\" href=\"#\" onclick=\"return false;\">cambiar archivos<\/a><\/p><\/div><\/div><ul class=\"forminator-uploaded-files upload-container-upload-1_69d4917fcc360\"><\/ul><\/div><\/div><\/div><div class=\"forminator-row\"><div id=\"textarea-2\" class=\"forminator-field-textarea forminator-col forminator-col-12 \"><div class=\"forminator-field\"><textarea name=\"textarea-2\" placeholder=\"Mensaje\" id=\"forminator-field-textarea-2_69d4917fcc360\" class=\"forminator-textarea\" rows=\"6\" style=\"min-height:140px;\" ><\/textarea><\/div><\/div><\/div><div class=\"forminator-row\"><div id=\"captcha-1\" class=\"forminator-field-captcha forminator-col forminator-col-12 \"><div class=\"forminator-captcha-left forminator-g-recaptcha recaptcha-invisible\" data-theme=\"light\" data-badge=\"inline\" data-sitekey=\"6LdP9lYrAAAAAKNk57DUEtrRp-aaKpUJZw0ENl30\" data-size=\"invisible\"><\/div> <\/div><\/div><\/div><button class=\"forminator-button forminator-pagination-submit\" style=\"display: none;\" disabled>Solicitar Presupuesto<\/button><\/div><input type=\"hidden\" name=\"referer_url\" value=\"\" \/><input type=\"hidden\" id=\"forminator_nonce\" name=\"forminator_nonce\" value=\"9f6d164c47\" \/><input type=\"hidden\" name=\"_wp_http_referer\" value=\"\/es\/wp-json\/wp\/v2\/pages\/7452\" \/><input type=\"hidden\" name=\"form_id\" value=\"7266\"><input type=\"hidden\" name=\"page_id\" value=\"7452\"><input type=\"hidden\" name=\"form_type\" value=\"default\"><input type=\"hidden\" name=\"current_url\" value=\"https:\/\/transpanish.biz\/es\/traduccion-automatica\/\"><input type=\"hidden\" name=\"render_id\" value=\"0\"><input type=\"hidden\" name=\"forminator-multifile-hidden\" class=\"forminator-multifile-hidden\"><input type=\"hidden\" name=\"action\" value=\"forminator_submit_form_custom-forms\"><\/form><\/div>\n\t\t\t\t\t\t<\/div>\n\t\t\t\t<\/div>\n\t\t\t\t<\/div>\n\t\t\t\t<\/div>\n\t\t","protected":false},"excerpt":{"rendered":"<p>Traducci\u00f3n autom\u00e1tica e inteligencia artificial En Transpanish, incorporamos soluciones de traducci\u00f3n con inteligencia artificial para ofrecerle servicios m\u00e1s r\u00e1pidos y rentables, sin comprometer la calidad. Nuestras herramientas de traducci\u00f3n asistida por computadora (CAT) se integran de manera eficiente con nuestro equipo de traductores profesionales para optimizar el proceso de traducci\u00f3n, ahorr\u00e1ndole tiempo y dinero, y [&hellip;]<\/p>\n","protected":false},"author":1,"featured_media":0,"parent":0,"menu_order":0,"comment_status":"closed","ping_status":"closed","template":"","meta":{"footnotes":""},"class_list":["post-7452","page","type-page","status-publish","hentry"],"aioseo_notices":[],"_links":{"self":[{"href":"https:\/\/transpanish.biz\/es\/wp-json\/wp\/v2\/pages\/7452","targetHints":{"allow":["GET"]}}],"collection":[{"href":"https:\/\/transpanish.biz\/es\/wp-json\/wp\/v2\/pages"}],"about":[{"href":"https:\/\/transpanish.biz\/es\/wp-json\/wp\/v2\/types\/page"}],"author":[{"embeddable":true,"href":"https:\/\/transpanish.biz\/es\/wp-json\/wp\/v2\/users\/1"}],"replies":[{"embeddable":true,"href":"https:\/\/transpanish.biz\/es\/wp-json\/wp\/v2\/comments?post=7452"}],"version-history":[{"count":26,"href":"https:\/\/transpanish.biz\/es\/wp-json\/wp\/v2\/pages\/7452\/revisions"}],"predecessor-version":[{"id":7546,"href":"https:\/\/transpanish.biz\/es\/wp-json\/wp\/v2\/pages\/7452\/revisions\/7546"}],"wp:attachment":[{"href":"https:\/\/transpanish.biz\/es\/wp-json\/wp\/v2\/media?parent=7452"}],"curies":[{"name":"wp","href":"https:\/\/api.w.org\/{rel}","templated":true}]}}