{"id":6781,"date":"2025-06-05T14:27:19","date_gmt":"2025-06-05T14:27:19","guid":{"rendered":"https:\/\/transpanish.biz\/es\/?page_id=6781"},"modified":"2025-06-05T14:32:54","modified_gmt":"2025-06-05T14:32:54","slug":"privacy-policy","status":"publish","type":"page","link":"https:\/\/transpanish.biz\/es\/privacy-policy\/","title":{"rendered":"Politica de privacidad"},"content":{"rendered":"\t\t<div data-elementor-type=\"wp-page\" data-elementor-id=\"6781\" class=\"elementor elementor-6781\" data-elementor-post-type=\"page\">\n\t\t\t\t<div class=\"elementor-element elementor-element-6a981ad e-con-full e-flex e-con e-parent\" data-id=\"6a981ad\" data-element_type=\"container\" data-e-type=\"container\">\n\t\t<div class=\"elementor-element elementor-element-94d1085 e-con-full e-flex e-con e-child\" data-id=\"94d1085\" data-element_type=\"container\" data-e-type=\"container\">\n\t\t<div class=\"elementor-element elementor-element-69f9bd2 e-con-full e-flex e-con e-child\" data-id=\"69f9bd2\" data-element_type=\"container\" data-e-type=\"container\">\n\t\t\t\t<div class=\"elementor-element elementor-element-571c5f5 elementor-widget elementor-widget-heading\" data-id=\"571c5f5\" data-element_type=\"widget\" data-e-type=\"widget\" data-widget_type=\"heading.default\">\n\t\t\t\t<div class=\"elementor-widget-container\">\n\t\t\t\t\t<h2 class=\"elementor-heading-title elementor-size-default\">Politica de privacidad<\/h2>\t\t\t\t<\/div>\n\t\t\t\t<\/div>\n\t\t\t\t<\/div>\n\t\t<div class=\"elementor-element elementor-element-c1f7b5f e-con-full e-flex e-con e-child\" data-id=\"c1f7b5f\" data-element_type=\"container\" data-e-type=\"container\">\n\t\t\t\t<div class=\"elementor-element elementor-element-a634cfb elementor-widget elementor-widget-text-editor\" data-id=\"a634cfb\" data-element_type=\"widget\" data-e-type=\"widget\" data-widget_type=\"text-editor.default\">\n\t\t\t\t<div class=\"elementor-widget-container\">\n\t\t\t\t\t\t\t\t\t<p><span style=\"font-weight: 400;\">Transpanish LLC respeta su privacidad y se compromete a proteger la informaci\u00f3n personal que usted nos proporciona. Esta Pol\u00edtica de Privacidad explica c\u00f3mo recopilamos, usamos, almacenamos y protegemos su informaci\u00f3n cuando visita nuestro sitio web, <\/span><b>transpanish.biz<\/b><span style=\"font-weight: 400;\">, y utiliza nuestros servicios.<\/span><\/p><ol><li><b> Informaci\u00f3n que recopilamos<\/b><\/li><li><b> Informaci\u00f3n personal<\/b><\/li><\/ol><p><span style=\"font-weight: 400;\">Recopilamos informaci\u00f3n personal que usted proporciona de forma voluntaria cuando:<\/span><\/p><ul><li style=\"font-weight: 400;\" aria-level=\"1\"><span style=\"font-weight: 400;\">Completa nuestro formulario de solicitud de presupuesto<\/span><\/li><li style=\"font-weight: 400;\" aria-level=\"1\"><span style=\"font-weight: 400;\">Sube documentos para traducci\u00f3n<\/span><\/li><li style=\"font-weight: 400;\" aria-level=\"1\"><span style=\"font-weight: 400;\">Se comunica con nosotros por correo electr\u00f3nico o mediante nuestros formularios de contacto<\/span><\/li><\/ul><p><span style=\"font-weight: 400;\">Esto puede incluir:<\/span><\/p><ul><li style=\"font-weight: 400;\" aria-level=\"1\"><span style=\"font-weight: 400;\">Su nombre<\/span><\/li><li style=\"font-weight: 400;\" aria-level=\"1\"><span style=\"font-weight: 400;\">Direcci\u00f3n de correo electr\u00f3nico<\/span><\/li><li style=\"font-weight: 400;\" aria-level=\"1\"><span style=\"font-weight: 400;\">N\u00famero de tel\u00e9fono (si lo proporciona)<\/span><\/li><li style=\"font-weight: 400;\" aria-level=\"1\"><span style=\"font-weight: 400;\">Cualquier otra informaci\u00f3n incluida en su mensaje o documentos cargados<\/span><\/li><\/ul><ol><li><b> Documentos cargados<\/b><\/li><\/ol><p><span style=\"font-weight: 400;\">Cuando usted sube documentos a trav\u00e9s de nuestro formulario, recopilamos y almacenamos el contenido de forma segura y exclusivamente con el fin de brindarle un presupuesto o realizar el servicio de traducci\u00f3n.<\/span><\/p><ol><li><b> Informaci\u00f3n recopilada autom\u00e1ticamente<\/b><\/li><\/ol><p><span style=\"font-weight: 400;\">Como muchos sitios web, utilizamos herramientas como <\/span><b>Google Analytics<\/b><span style=\"font-weight: 400;\"> para recopilar informaci\u00f3n an\u00f3nima sobre su interacci\u00f3n con nuestro sitio, incluyendo:<\/span><\/p><ul><li style=\"font-weight: 400;\" aria-level=\"1\"><span style=\"font-weight: 400;\">Direcci\u00f3n IP<\/span><\/li><li style=\"font-weight: 400;\" aria-level=\"1\"><span style=\"font-weight: 400;\">Tipo de navegador<\/span><\/li><li style=\"font-weight: 400;\" aria-level=\"1\"><span style=\"font-weight: 400;\">Informaci\u00f3n del dispositivo<\/span><\/li><li style=\"font-weight: 400;\" aria-level=\"1\"><span style=\"font-weight: 400;\">P\u00e1ginas visitadas y tiempo de permanencia<\/span><\/li><\/ul><p><span style=\"font-weight: 400;\">Tambi\u00e9n utilizamos <\/span><b>Google reCAPTCHA<\/b><span style=\"font-weight: 400;\"> para proteger nuestros formularios contra el spam y el uso indebido.<\/span><\/p><ol start=\"2\"><li><b> C\u00f3mo usamos su informaci\u00f3n<\/b><\/li><\/ol><p><span style=\"font-weight: 400;\">Utilizamos la informaci\u00f3n recopilada para:<\/span><\/p><ul><li style=\"font-weight: 400;\" aria-level=\"1\"><span style=\"font-weight: 400;\">Brindarle un presupuesto o servicio de traducci\u00f3n<\/span><\/li><li style=\"font-weight: 400;\" aria-level=\"1\"><span style=\"font-weight: 400;\">Responder a sus consultas<\/span><\/li><li style=\"font-weight: 400;\" aria-level=\"1\"><span style=\"font-weight: 400;\">Mejorar nuestro sitio web y nuestros servicios<\/span><\/li><li style=\"font-weight: 400;\" aria-level=\"1\"><span style=\"font-weight: 400;\">Garantizar la seguridad e integridad del sitio<\/span><\/li><\/ul><p><b>No vendemos ni alquilamos<\/b><span style=\"font-weight: 400;\"> su informaci\u00f3n personal a terceros.<\/span><\/p><ol start=\"3\"><li><b> C\u00f3mo compartimos su informaci\u00f3n<\/b><\/li><\/ol><p><span style=\"font-weight: 400;\">Podemos compartir su informaci\u00f3n en los siguientes casos:<\/span><\/p><ul><li style=\"font-weight: 400;\" aria-level=\"1\"><span style=\"font-weight: 400;\">Con proveedores de servicios confiables que nos ayudan a operar el sitio o a brindar servicios (por ejemplo, almacenamiento en la nube, servicios de correo electr\u00f3nico), bajo acuerdos de confidencialidad<\/span><\/li><li style=\"font-weight: 400;\" aria-level=\"1\"><span style=\"font-weight: 400;\">Cuando lo requiera la ley, una regulaci\u00f3n o un proceso legal<\/span><\/li><li style=\"font-weight: 400;\" aria-level=\"1\"><span style=\"font-weight: 400;\">Para proteger nuestros derechos o responder a reclamos legales<\/span><\/li><\/ul><ol start=\"4\"><li><b> Confidencialidad de los documentos<\/b><\/li><\/ol><p><span style=\"font-weight: 400;\">Tratamos todos los documentos cargados con estricta confidencialidad. Sus archivos son:<\/span><\/p><ul><li style=\"font-weight: 400;\" aria-level=\"1\"><span style=\"font-weight: 400;\">Almacenados de manera segura<\/span><\/li><li style=\"font-weight: 400;\" aria-level=\"1\"><span style=\"font-weight: 400;\">Accedidos \u00fanicamente por personal autorizado<\/span><\/li><li style=\"font-weight: 400;\" aria-level=\"1\"><span style=\"font-weight: 400;\">Utilizados exclusivamente para elaborar presupuestos o realizar traducciones<\/span><\/li><\/ul><ol start=\"5\"><li><b> Seguridad de los datos<\/b><\/li><\/ol><p><span style=\"font-weight: 400;\">Adoptamos medidas t\u00e9cnicas y organizativas razonables para proteger sus datos personales contra accesos no autorizados, p\u00e9rdidas o usos indebidos. Sin embargo, ninguna transmisi\u00f3n por internet es 100 % segura.<\/span><\/p><ol start=\"6\"><li><b> Sus derechos<\/b><\/li><\/ol><p><span style=\"font-weight: 400;\">Seg\u00fan su ubicaci\u00f3n, usted puede tener derecho a:<\/span><\/p><ul><li style=\"font-weight: 400;\" aria-level=\"1\"><span style=\"font-weight: 400;\">Acceder a los datos personales que tenemos sobre usted<\/span><\/li><li style=\"font-weight: 400;\" aria-level=\"1\"><span style=\"font-weight: 400;\">Solicitar la correcci\u00f3n o eliminaci\u00f3n de sus datos<\/span><\/li><li style=\"font-weight: 400;\" aria-level=\"1\"><span style=\"font-weight: 400;\">Retirar su consentimiento (cuando corresponda)<\/span><\/li><\/ul><p><span style=\"font-weight: 400;\">Para ejercer cualquiera de estos derechos, comun\u00edquese con nosotros a: <\/span><b>info@transpanish.biz<\/b><\/p><ol start=\"7\"><li><b> Servicios de terceros<\/b><\/li><\/ol><p><span style=\"font-weight: 400;\">Nuestro sitio web utiliza servicios de terceros, como:<\/span><\/p><ul><li style=\"font-weight: 400;\" aria-level=\"1\"><b>Google Analytics<\/b><span style=\"font-weight: 400;\">, que puede recopilar datos anonimizados bajo la Pol\u00edtica de Privacidad de Google: <\/span><a href=\"https:\/\/policies.google.com\/privacy\"><span style=\"font-weight: 400;\">https:\/\/policies.google.com\/privacy<\/span><\/a><\/li><li style=\"font-weight: 400;\" aria-level=\"1\"><b>Google reCAPTCHA<\/b><span style=\"font-weight: 400;\">, que se rige por la Pol\u00edtica de Privacidad y los T\u00e9rminos de Servicio de Google<\/span><\/li><\/ul><ol start=\"8\"><li><b> Cambios en esta pol\u00edtica<\/b><\/li><\/ol><p><span style=\"font-weight: 400;\">Podemos actualizar esta Pol\u00edtica de Privacidad peri\u00f3dicamente. Los cambios se publicar\u00e1n en esta p\u00e1gina con la fecha de entrada en vigencia actualizada.<\/span><\/p><ol start=\"9\"><li><b> Contacto<\/b><\/li><\/ol><p><span style=\"font-weight: 400;\">Si tiene preguntas sobre esta Pol\u00edtica de Privacidad o nuestras pr\u00e1cticas de protecci\u00f3n de datos, comun\u00edquese con nosotros:<\/span><\/p><p><b>Transpanish LLC<\/b><span style=\"font-weight: 400;\"><br \/><\/span><span style=\"font-weight: 400;\">Correo electr\u00f3nico: info@transpanish.biz<\/span><span style=\"font-weight: 400;\"><br \/><\/span><span style=\"font-weight: 400;\">Sitio web: <\/span><a href=\"https:\/\/www.transpanish.biz\/\"><span style=\"font-weight: 400;\">https:\/\/www.transpanish.biz<\/span><\/a><\/p>\t\t\t\t\t\t\t\t<\/div>\n\t\t\t\t<\/div>\n\t\t\t\t<\/div>\n\t\t\t\t<\/div>\n\t\t\t\t<\/div>\n\t\t<div class=\"elementor-element elementor-element-ac52c15 e-con-full e-flex e-con e-parent\" data-id=\"ac52c15\" data-element_type=\"container\" data-e-type=\"container\">\n\t\t<div class=\"elementor-element elementor-element-cc9d7b9 e-con-full e-flex e-con e-child\" data-id=\"cc9d7b9\" data-element_type=\"container\" data-e-type=\"container\" data-settings=\"{&quot;background_background&quot;:&quot;classic&quot;}\">\n\t\t\t\t<div class=\"elementor-element elementor-element-ea02911 elementor-widget__width-initial elementor-widget-mobile__width-inherit elementor-widget-laptop__width-initial elementor-widget elementor-widget-heading\" data-id=\"ea02911\" data-element_type=\"widget\" data-e-type=\"widget\" data-widget_type=\"heading.default\">\n\t\t\t\t<div class=\"elementor-widget-container\">\n\t\t\t\t\t<h2 class=\"elementor-heading-title elementor-size-default\"> <span style=\"color:#1E73BE\">Obtenga una cotizaci\u00f3n instant\u00e1nea<\/span> y comience su proyecto de inmediato.<\/h2>\t\t\t\t<\/div>\n\t\t\t\t<\/div>\n\t\t\t\t<div class=\"elementor-element elementor-element-2c3aa41 elementor-widget elementor-widget-text-editor\" data-id=\"2c3aa41\" data-element_type=\"widget\" data-e-type=\"widget\" data-widget_type=\"text-editor.default\">\n\t\t\t\t<div class=\"elementor-widget-container\">\n\t\t\t\t\t\t\t\t\t<p>La forma m\u00e1s f\u00e1cil de traducir sus documentos r\u00e1pidamente.<\/p>\t\t\t\t\t\t\t\t<\/div>\n\t\t\t\t<\/div>\n\t\t\t\t<div class=\"elementor-element elementor-element-41d5c10 elementor-align-left elementor-mobile-align-center elementor-widget elementor-widget-button\" data-id=\"41d5c10\" data-element_type=\"widget\" data-e-type=\"widget\" data-widget_type=\"button.default\">\n\t\t\t\t<div class=\"elementor-widget-container\">\n\t\t\t\t\t\t\t\t\t<div class=\"elementor-button-wrapper\">\n\t\t\t\t\t<a class=\"elementor-button elementor-button-link elementor-size-sm\" href=\"https:\/\/transpanish.biz\/es\/solicite-presupuesto\/\">\n\t\t\t\t\t\t<span class=\"elementor-button-content-wrapper\">\n\t\t\t\t\t\t\t\t\t<span class=\"elementor-button-text\">COTIZACI\u00d3N INMEDIATA<\/span>\n\t\t\t\t\t<\/span>\n\t\t\t\t\t<\/a>\n\t\t\t\t<\/div>\n\t\t\t\t\t\t\t\t<\/div>\n\t\t\t\t<\/div>\n\t\t\t\t<\/div>\n\t\t\t\t<\/div>\n\t\t\t\t<\/div>\n\t\t","protected":false},"excerpt":{"rendered":"<p>Politica de privacidad Transpanish LLC respeta su privacidad y se compromete a proteger la informaci\u00f3n personal que usted nos proporciona. Esta Pol\u00edtica de Privacidad explica c\u00f3mo recopilamos, usamos, almacenamos y protegemos su informaci\u00f3n cuando visita nuestro sitio web, transpanish.biz, y utiliza nuestros servicios. Informaci\u00f3n que recopilamos Informaci\u00f3n personal Recopilamos informaci\u00f3n personal que usted proporciona de [&hellip;]<\/p>\n","protected":false},"author":5,"featured_media":0,"parent":0,"menu_order":0,"comment_status":"closed","ping_status":"closed","template":"","meta":{"footnotes":""},"class_list":["post-6781","page","type-page","status-publish","hentry"],"aioseo_notices":[],"_links":{"self":[{"href":"https:\/\/transpanish.biz\/es\/wp-json\/wp\/v2\/pages\/6781","targetHints":{"allow":["GET"]}}],"collection":[{"href":"https:\/\/transpanish.biz\/es\/wp-json\/wp\/v2\/pages"}],"about":[{"href":"https:\/\/transpanish.biz\/es\/wp-json\/wp\/v2\/types\/page"}],"author":[{"embeddable":true,"href":"https:\/\/transpanish.biz\/es\/wp-json\/wp\/v2\/users\/5"}],"replies":[{"embeddable":true,"href":"https:\/\/transpanish.biz\/es\/wp-json\/wp\/v2\/comments?post=6781"}],"version-history":[{"count":0,"href":"https:\/\/transpanish.biz\/es\/wp-json\/wp\/v2\/pages\/6781\/revisions"}],"wp:attachment":[{"href":"https:\/\/transpanish.biz\/es\/wp-json\/wp\/v2\/media?parent=6781"}],"curies":[{"name":"wp","href":"https:\/\/api.w.org\/{rel}","templated":true}]}}