{"id":4335,"date":"2016-09-17T02:25:47","date_gmt":"2016-09-17T02:25:47","guid":{"rendered":"https:\/\/transpanish.biz\/es\/?page_id=4335"},"modified":"2025-05-24T20:56:44","modified_gmt":"2025-05-24T20:56:44","slug":"glosario-famaceutica","status":"publish","type":"page","link":"https:\/\/transpanish.biz\/es\/glosario-famaceutica\/","title":{"rendered":"Glosario farmace\u00fatico"},"content":{"rendered":"\t\t<div data-elementor-type=\"wp-page\" data-elementor-id=\"4335\" class=\"elementor elementor-4335\" data-elementor-post-type=\"page\">\n\t\t\t\t<div class=\"elementor-element elementor-element-21f24d8e e-flex e-con-boxed e-con e-parent\" data-id=\"21f24d8e\" data-element_type=\"container\" data-e-type=\"container\">\n\t\t\t\t\t<div class=\"e-con-inner\">\n\t\t\t\t<div class=\"elementor-element elementor-element-3211299 elementor-widget elementor-widget-heading\" data-id=\"3211299\" data-element_type=\"widget\" data-e-type=\"widget\" data-widget_type=\"heading.default\">\n\t\t\t\t<div class=\"elementor-widget-container\">\n\t\t\t\t\t<h2 class=\"elementor-heading-title elementor-size-default\">Glosario farmace\u00fatico ingl\u00e9s \u2013 espa\u00f1ol<\/h2>\t\t\t\t<\/div>\n\t\t\t\t<\/div>\n\t\t\t\t<div class=\"elementor-element elementor-element-1693c71d elementor-widget elementor-widget-text-editor\" data-id=\"1693c71d\" data-element_type=\"widget\" data-e-type=\"widget\" data-widget_type=\"text-editor.default\">\n\t\t\t\t<div class=\"elementor-widget-container\">\n\t\t\t\t\t\t\t\t\t<table class=\"contentpaneopen\">\n<tbody>\n<tr>\n<td valign=\"top\">\n<table border=\"1\" cellspacing=\"0\" cellpadding=\"0\">\n<tbody>\n<tr>\n<td valign=\"top\" width=\"295\"><strong>Ingl\u00e9s<\/strong><\/td>\n<td valign=\"top\" width=\"295\"><strong>Espa\u00f1ol<\/strong><\/td>\n<\/tr>\n<tr>\n<td valign=\"top\" width=\"295\">Drug<\/td>\n<td valign=\"top\" width=\"295\">F\u00e1rmaco<\/td>\n<\/tr>\n<tr>\n<td valign=\"top\" width=\"295\">\u201cOTC\u201d over the counter<\/td>\n<td valign=\"top\" width=\"295\">Venta Libre<\/td>\n<\/tr>\n<tr>\n<td valign=\"top\" width=\"295\">\u201cPOM\u201d prescription only medicine<\/td>\n<td valign=\"top\" width=\"295\">Venta \u201cbajo receta\u00bb<\/td>\n<\/tr>\n<tr>\n<td valign=\"top\" width=\"295\">Psychotropics<\/td>\n<td valign=\"top\" width=\"295\">Psicotr\u00f3picos<\/td>\n<\/tr>\n<tr>\n<td valign=\"top\" width=\"295\">Sold under filed prescription only<\/td>\n<td valign=\"top\" width=\"295\">Venta bajo receta archivada<\/td>\n<\/tr>\n<tr>\n<td valign=\"top\" width=\"295\">Brand<\/td>\n<td valign=\"top\" width=\"295\">Nombre Comercial<\/td>\n<\/tr>\n<tr>\n<td valign=\"top\" width=\"295\">Active Substance<\/td>\n<td valign=\"top\" width=\"295\">Principio Activo<\/td>\n<\/tr>\n<tr>\n<td valign=\"top\" width=\"295\">Description<\/td>\n<td valign=\"top\" width=\"295\">Descripci\u00f3n<\/td>\n<\/tr>\n<tr>\n<td valign=\"top\" width=\"295\">Microbiology<\/td>\n<td valign=\"top\" width=\"295\">Microbiolog\u00eda<\/td>\n<\/tr>\n<tr>\n<td valign=\"top\" width=\"295\">Mechanism of Action<\/td>\n<td valign=\"top\" width=\"295\">Mecanismo de Acci\u00f3n<\/td>\n<\/tr>\n<tr>\n<td valign=\"top\" width=\"295\">Clinical Pharmacology<\/td>\n<td valign=\"top\" width=\"295\">Farmacolog\u00eda Cl\u00ednica<\/td>\n<\/tr>\n<tr>\n<td valign=\"top\" width=\"295\">Pharmacokinetics<\/td>\n<td valign=\"top\" width=\"295\">Farmacocin\u00e9tica<\/td>\n<\/tr>\n<tr>\n<td valign=\"top\" width=\"295\">Indications and Use<\/td>\n<td valign=\"top\" width=\"295\">Indicaciones y Uso<\/td>\n<\/tr>\n<tr>\n<td valign=\"top\" width=\"295\">Dosage and Administration<\/td>\n<td valign=\"top\" width=\"295\">Posolog\u00eda y Administraci\u00f3n<\/td>\n<\/tr>\n<tr>\n<td valign=\"top\" width=\"295\">Overdose<\/td>\n<td valign=\"top\" width=\"295\">Sobredosis<\/td>\n<\/tr>\n<tr>\n<td valign=\"top\" width=\"295\">Contraindications<\/td>\n<td valign=\"top\" width=\"295\">Contraindicaciones<\/td>\n<\/tr>\n<tr>\n<td valign=\"top\" width=\"295\">Precautions and Warnings<\/td>\n<td valign=\"top\" width=\"295\">Precauciones y Advertencias<\/td>\n<\/tr>\n<tr>\n<td valign=\"top\" width=\"295\">Drug Interactions<\/td>\n<td valign=\"top\" width=\"295\">Interacciones Medicamentosas<\/td>\n<\/tr>\n<tr>\n<td valign=\"top\" width=\"295\">Side Effects<\/td>\n<td valign=\"top\" width=\"295\">Efectos Adversos<\/td>\n<\/tr>\n<tr>\n<td valign=\"top\" width=\"295\">How Supplied<\/td>\n<td valign=\"top\" width=\"295\">Presentaci\u00f3n<\/td>\n<\/tr>\n<tr>\n<td valign=\"top\" width=\"295\">Storage<\/td>\n<td valign=\"top\" width=\"295\">Almacenamiento<\/td>\n<\/tr>\n<tr>\n<td valign=\"top\" width=\"295\">Manufactured by&#8230;<\/td>\n<td valign=\"top\" width=\"295\">Elaborado por&#8230;<\/td>\n<\/tr>\n<tr>\n<td valign=\"top\" width=\"295\">Distributed by &#8230;<\/td>\n<td valign=\"top\" width=\"295\">Distribu\u00eddo por &#8230;<\/td>\n<\/tr>\n<tr>\n<td valign=\"top\" width=\"295\">Lot Number<\/td>\n<td valign=\"top\" width=\"295\">N\u00famero de lote<\/td>\n<\/tr>\n<tr>\n<td valign=\"top\" width=\"295\">Expiration date<\/td>\n<td valign=\"top\" width=\"295\">Fecha de vencimiento<\/td>\n<\/tr>\n<tr>\n<td valign=\"top\" width=\"295\">Pharmaceutical form<\/td>\n<td valign=\"top\" width=\"295\">Forma farmac\u00e9utica<\/td>\n<\/tr>\n<tr>\n<td valign=\"top\" width=\"295\">Capsules<\/td>\n<td valign=\"top\" width=\"295\">C\u00e1psulas<\/td>\n<\/tr>\n<tr>\n<td valign=\"top\" width=\"295\">Tablets<\/td>\n<td valign=\"top\" width=\"295\">Comprimidos<\/td>\n<\/tr>\n<tr>\n<td valign=\"top\" width=\"295\">Injectable solution<\/td>\n<td valign=\"top\" width=\"295\">Soluci\u00f3n inyectable<\/td>\n<\/tr>\n<tr>\n<td valign=\"top\" width=\"295\">Powder for constitution<\/td>\n<td valign=\"top\" width=\"295\">Polvo para constituir<\/td>\n<\/tr>\n<tr>\n<td valign=\"top\" width=\"295\">Lyophilized<\/td>\n<td valign=\"top\" width=\"295\">Liofilizado<\/td>\n<\/tr>\n<tr>\n<td valign=\"top\" width=\"295\">Drops<\/td>\n<td valign=\"top\" width=\"295\">Gotas<\/td>\n<\/tr>\n<tr>\n<td valign=\"top\" width=\"295\">Syrup<\/td>\n<td valign=\"top\" width=\"295\">Jarabe<\/td>\n<\/tr>\n<tr>\n<td valign=\"top\" width=\"295\">Prefilled syringe<\/td>\n<td valign=\"top\" width=\"295\">Jeringas prellenadas<\/td>\n<\/tr>\n<tr>\n<td valign=\"top\" width=\"295\">Vials<\/td>\n<td valign=\"top\" width=\"295\">Viales o frascos<\/td>\n<\/tr>\n<tr>\n<td valign=\"top\" width=\"295\">Ointment<\/td>\n<td valign=\"top\" width=\"295\">Pomada<\/td>\n<\/tr>\n<tr>\n<td valign=\"top\" width=\"295\">Inhalers<\/td>\n<td valign=\"top\" width=\"295\">Inhaladores<\/td>\n<\/tr>\n<tr>\n<td valign=\"top\" width=\"295\">Lingual spray<\/td>\n<td valign=\"top\" width=\"295\">Spray bucal<\/td>\n<\/tr>\n<tr>\n<td valign=\"top\" width=\"295\">Suppositories<\/td>\n<td valign=\"top\" width=\"295\">Supositorios<\/td>\n<\/tr>\n<tr>\n<td valign=\"top\" width=\"295\">Cream<\/td>\n<td valign=\"top\" width=\"295\">Crema<\/td>\n<\/tr>\n<tr>\n<td valign=\"top\" width=\"295\">Gel<\/td>\n<td valign=\"top\" width=\"295\">Gel<\/td>\n<\/tr>\n<tr>\n<td valign=\"top\" width=\"295\">Patches<\/td>\n<td valign=\"top\" width=\"295\">Parches<\/td>\n<\/tr>\n<tr>\n<td valign=\"top\" width=\"295\">Lotion<\/td>\n<td valign=\"top\" width=\"295\">Loci\u00f3n<\/td>\n<\/tr>\n<tr>\n<td valign=\"top\" width=\"295\">Chewable<\/td>\n<td valign=\"top\" width=\"295\">Masticable<\/td>\n<\/tr>\n<tr>\n<td valign=\"top\" width=\"295\">Extended-release<\/td>\n<td valign=\"top\" width=\"295\">Eliminaci\u00f3n prolongada<\/td>\n<\/tr>\n<tr>\n<td valign=\"top\" width=\"295\">Delayed release<\/td>\n<td valign=\"top\" width=\"295\">Eliminaci\u00f3n retardada<\/td>\n<\/tr>\n<tr>\n<td valign=\"top\" width=\"295\">Sublingual<\/td>\n<td valign=\"top\" width=\"295\">Sublingual<\/td>\n<\/tr>\n<tr>\n<td valign=\"top\" width=\"295\">Film coated<\/td>\n<td valign=\"top\" width=\"295\">Recubierto<\/td>\n<\/tr>\n<tr>\n<td valign=\"top\" width=\"295\">Drug administration routes<\/td>\n<td valign=\"top\" width=\"295\">V\u00eda de administraci\u00f3n<\/td>\n<\/tr>\n<tr>\n<td valign=\"top\" width=\"295\">Oral administration<\/td>\n<td valign=\"top\" width=\"295\">Administraci\u00f3n Oral<\/td>\n<\/tr>\n<tr>\n<td valign=\"top\" width=\"295\">Parenteral administration<\/td>\n<td valign=\"top\" width=\"295\">Administraci\u00f3n parenteral<\/td>\n<\/tr>\n<tr>\n<td valign=\"top\" width=\"295\">Intravenously<\/td>\n<td valign=\"top\" width=\"295\">Por v\u00eda intravenosa<\/td>\n<\/tr>\n<tr>\n<td valign=\"top\" width=\"295\">Intramuscular<\/td>\n<td valign=\"top\" width=\"295\">Intramuscular<\/td>\n<\/tr>\n<tr>\n<td valign=\"top\" width=\"295\">Subcutaneous<\/td>\n<td valign=\"top\" width=\"295\">Subcut\u00e1nea<\/td>\n<\/tr>\n<tr>\n<td valign=\"top\" width=\"295\">Anal \/ rectal drug administration<\/td>\n<td valign=\"top\" width=\"295\">Administraci\u00f3n rectal<\/td>\n<\/tr>\n<tr>\n<td valign=\"top\" width=\"295\">Intranasal administration<\/td>\n<td valign=\"top\" width=\"295\">Administraci\u00f3n intranasal<\/td>\n<\/tr>\n<tr>\n<td valign=\"top\" width=\"295\">Topical administration<\/td>\n<td valign=\"top\" width=\"295\">Administraci\u00f3n t\u00f3pica<\/td>\n<\/tr>\n<tr>\n<td valign=\"top\" width=\"295\">Transdermal \/ transcutaneous administration<\/td>\n<td valign=\"top\" width=\"295\">Administraci\u00f3n transd\u00e9rmica<\/td>\n<\/tr>\n<tr>\n<td valign=\"top\" width=\"295\">Nonsteroidal antiinflammatory drugs<\/td>\n<td valign=\"top\" width=\"295\">Antiinflamatorios no esteroides<\/td>\n<\/tr>\n<tr>\n<td valign=\"top\" width=\"295\">Irinotecan hydrochloride<\/td>\n<td valign=\"top\" width=\"295\">Clorhidrato de irinotecan<\/td>\n<\/tr>\n<tr>\n<td valign=\"top\" width=\"295\">Antineoplastic agents<\/td>\n<td valign=\"top\" width=\"295\">Agentes antineopl\u00e1sicos<\/td>\n<\/tr>\n<tr>\n<td valign=\"top\" width=\"295\">\u201cCDC\u201d Center for Disease Control and Prevention<\/td>\n<td valign=\"top\" width=\"295\">Centro de Prevenci\u00f3n y Control de Enfermedades<\/td>\n<\/tr>\n<tr>\n<td valign=\"top\" width=\"295\">\u201cNFID\u201d National Foundation for Infectious Diseases<\/td>\n<td valign=\"top\" width=\"295\">Fundaci\u00f3n Nacional para Enfermedades Infecciosas<\/td>\n<\/tr>\n<tr>\n<td valign=\"top\" width=\"295\">\u201cFDA\u201d Food and Drug Administration<\/td>\n<td valign=\"top\" width=\"295\">Organismo para el Control de Alimentos y Medicamentos de los Estados Unidos<\/td>\n<\/tr>\n<tr>\n<td valign=\"top\" width=\"295\">\u201cMHRA\u201d Medicines and Healthcare Products Regulatory Agency<\/td>\n<td valign=\"top\" width=\"295\">Ente Regulador de Medicamentos y Productos para la Salud del Reino Unido<\/td>\n<\/tr>\n<tr>\n<td valign=\"top\" width=\"295\">\u201cUPS\u201d United States Pharmacopeia<\/td>\n<td valign=\"top\" width=\"295\">Farmacopea de los Estados Unidos de Norteam\u00e9rica<\/td>\n<\/tr>\n<tr>\n<td valign=\"top\" width=\"295\">\u201cNBF\u201d British National Formulary<\/td>\n<td valign=\"top\" width=\"295\">Formulario Nacional Brit\u00e1nico<\/td>\n<\/tr>\n<tr>\n<td valign=\"top\" width=\"295\">\u201cWHO\u201d World Health Organization<\/td>\n<td valign=\"top\" width=\"295\">\u201cOMS\u201d Organizaci\u00f3n Mundial de la Salud<\/td>\n<\/tr>\n<\/tbody>\n<\/table>\n<\/td>\n<\/tr>\n<\/tbody>\n<\/table>\t\t\t\t\t\t\t\t<\/div>\n\t\t\t\t<\/div>\n\t\t\t\t\t<\/div>\n\t\t\t\t<\/div>\n\t\t\t\t<\/div>\n\t\t","protected":false},"excerpt":{"rendered":"<p>Glosario farmace\u00fatico ingl\u00e9s \u2013 espa\u00f1ol Ingl\u00e9s Espa\u00f1ol Drug F\u00e1rmaco \u201cOTC\u201d over the counter Venta Libre \u201cPOM\u201d prescription only medicine Venta \u201cbajo receta\" Psychotropics Psicotr\u00f3picos Sold under filed prescription only Venta bajo receta archivada Brand Nombre Comercial Active Substance Principio Activo Description Descripci\u00f3n Microbiology Microbiolog\u00eda Mechanism of Action Mecanismo de Acci\u00f3n Clinical Pharmacology Farmacolog\u00eda Cl\u00ednica Pharmacokinetics [&hellip;]<\/p>\n","protected":false},"author":1,"featured_media":0,"parent":0,"menu_order":0,"comment_status":"closed","ping_status":"closed","template":"","meta":{"footnotes":""},"class_list":["post-4335","page","type-page","status-publish","hentry"],"aioseo_notices":[],"_links":{"self":[{"href":"https:\/\/transpanish.biz\/es\/wp-json\/wp\/v2\/pages\/4335","targetHints":{"allow":["GET"]}}],"collection":[{"href":"https:\/\/transpanish.biz\/es\/wp-json\/wp\/v2\/pages"}],"about":[{"href":"https:\/\/transpanish.biz\/es\/wp-json\/wp\/v2\/types\/page"}],"author":[{"embeddable":true,"href":"https:\/\/transpanish.biz\/es\/wp-json\/wp\/v2\/users\/1"}],"replies":[{"embeddable":true,"href":"https:\/\/transpanish.biz\/es\/wp-json\/wp\/v2\/comments?post=4335"}],"version-history":[{"count":0,"href":"https:\/\/transpanish.biz\/es\/wp-json\/wp\/v2\/pages\/4335\/revisions"}],"wp:attachment":[{"href":"https:\/\/transpanish.biz\/es\/wp-json\/wp\/v2\/media?parent=4335"}],"curies":[{"name":"wp","href":"https:\/\/api.w.org\/{rel}","templated":true}]}}