{"id":3025,"date":"2016-06-06T18:31:24","date_gmt":"2016-06-06T18:31:24","guid":{"rendered":"http:\/\/transpanishen.maberik.com\/?page_id=3025"},"modified":"2025-06-16T14:21:03","modified_gmt":"2025-06-16T14:21:03","slug":"glosarios","status":"publish","type":"page","link":"https:\/\/transpanish.biz\/es\/glosarios\/","title":{"rendered":"Glosarios"},"content":{"rendered":"\t\t<div data-elementor-type=\"wp-page\" data-elementor-id=\"3025\" class=\"elementor elementor-3025\" data-elementor-post-type=\"page\">\n\t\t\t\t<div class=\"elementor-element elementor-element-394e6988 e-flex e-con-boxed e-con e-parent\" data-id=\"394e6988\" data-element_type=\"container\" data-e-type=\"container\">\n\t\t\t\t\t<div class=\"e-con-inner\">\n\t\t<div class=\"elementor-element elementor-element-ec44aff e-con-full e-flex e-con e-child\" data-id=\"ec44aff\" data-element_type=\"container\" data-e-type=\"container\">\n\t\t\t\t<div class=\"elementor-element elementor-element-304ef09e elementor-widget__width-initial elementor-widget elementor-widget-heading\" data-id=\"304ef09e\" data-element_type=\"widget\" data-e-type=\"widget\" data-widget_type=\"heading.default\">\n\t\t\t\t<div class=\"elementor-widget-container\">\n\t\t\t\t\t<h2 class=\"elementor-heading-title elementor-size-default\">Glosarios de ingl\u00e9s y espa\u00f1ol<\/h2>\t\t\t\t<\/div>\n\t\t\t\t<\/div>\n\t\t\t\t<\/div>\n\t\t<div class=\"elementor-element elementor-element-741f17a8 e-con-full e-flex e-con e-child\" data-id=\"741f17a8\" data-element_type=\"container\" data-e-type=\"container\">\n\t\t\t\t<div class=\"elementor-element elementor-element-316da40b elementor-widget__width-initial elementor-widget elementor-widget-text-editor\" data-id=\"316da40b\" data-element_type=\"widget\" data-e-type=\"widget\" data-widget_type=\"text-editor.default\">\n\t\t\t\t<div class=\"elementor-widget-container\">\n\t\t\t\t\t\t\t\t\t<ul><li><a class=\"enlaces\" href=\"https:\/\/transpanish.biz\/es\/glosario-ginecologia\/\">Glosario de Ginecolog\u00eda y Obstetricia<\/a><\/li><li><a class=\"enlaces\" href=\"https:\/\/transpanish.biz\/es\/glosario-famaceutica\/\">Glosario Farmac\u00e9utico<\/a><\/li><li><a class=\"enlaces\" href=\"https:\/\/transpanish.biz\/es\/sufijos-prefijos-medicos\/\">Prefijos y Sufijos M\u00e9dicos<\/a><\/li><li><a class=\"enlaces\" href=\"https:\/\/transpanish.biz\/es\/glosario-covid-19\/\">Glosario COVID-19<\/a> (Ingl\u00e9s-Espa\u00f1ol-Portugu\u00e9s)<\/li><\/ul>\t\t\t\t\t\t\t\t<\/div>\n\t\t\t\t<\/div>\n\t\t\t\t<\/div>\n\t\t\t\t\t<\/div>\n\t\t\t\t<\/div>\n\t\t<div class=\"elementor-element elementor-element-ac7ce18 e-con-full e-flex e-con e-parent\" data-id=\"ac7ce18\" data-element_type=\"container\" data-e-type=\"container\" data-settings=\"{&quot;background_background&quot;:&quot;classic&quot;}\">\n\t\t<div class=\"elementor-element elementor-element-0399efc e-con-full e-flex e-con e-child\" data-id=\"0399efc\" data-element_type=\"container\" data-e-type=\"container\" data-settings=\"{&quot;background_background&quot;:&quot;classic&quot;}\">\n\t\t\t\t<div class=\"elementor-element elementor-element-fc361aa elementor-widget elementor-widget-heading\" data-id=\"fc361aa\" data-element_type=\"widget\" data-e-type=\"widget\" data-widget_type=\"heading.default\">\n\t\t\t\t<div class=\"elementor-widget-container\">\n\t\t\t\t\t<h2 class=\"elementor-heading-title elementor-size-default\"><span style=\"color:#000\">Solicite su presupuesto de \n<\/span> traducci\u00f3n sin cargo\n\n<\/h2>\t\t\t\t<\/div>\n\t\t\t\t<\/div>\n\t\t\t\t<div class=\"elementor-element elementor-element-b92a0c8 elementor-widget elementor-widget-shortcode\" data-id=\"b92a0c8\" data-element_type=\"widget\" data-e-type=\"widget\" data-widget_type=\"shortcode.default\">\n\t\t\t\t<div class=\"elementor-widget-container\">\n\t\t\t\t\t\t\t<div class=\"elementor-shortcode\"><div class=\"forminator-ui forminator-custom-form forminator-custom-form-7266 forminator-design--flat  forminator_ajax\" data-forminator-render=\"0\" data-form=\"forminator-module-7266\" data-uid=\"69d4914b20ec5\"><br\/><\/div><form\n\t\t\t\tid=\"forminator-module-7266\"\n\t\t\t\tclass=\"forminator-ui forminator-custom-form forminator-custom-form-7266 forminator-design--flat  forminator_ajax\"\n\t\t\t\tmethod=\"post\"\n\t\t\t\tdata-forminator-render=\"0\"\n\t\t\t\tdata-form-id=\"7266\"\n\t\t\t\tenctype=\"multipart\/form-data\" data-color-option=\"theme\" data-design=\"flat\" data-grid=\"open\" style=\"display: none;\"\n\t\t\t\tdata-uid=\"69d4914b20ec5\"\n\t\t\t><div role=\"alert\" aria-live=\"polite\" class=\"forminator-response-message forminator-error\" aria-hidden=\"true\"><\/div><div role=\"tablist\" class=\"forminator-pagination-steps\" aria-label=\"Pagination\"><\/div><div\n\t\t\t\ttabindex=\"-1\"\n\t\t\t\trole=\"tabpanel\"\n\t\t\t\tid=\"forminator-custom-form-7266--page-0\"\n\t\t\t\tclass=\"forminator-pagination forminator-pagination-start\"\n\t\t\t\taria-labelledby=\"forminator-custom-form-7266--page-0-label\"\n\t\t\t\tdata-step=\"0\"\n\t\t\t\tdata-label=\"Finalizar\"\n\t\t\t\tdata-actual-label=\"Paso 1\"\n\t\t\t\tdata-name=\"page-break-1\"\n\t\t\t><div class=\"forminator-pagination--content\"><div class=\"forminator-row\"><div id=\"email-1\" class=\"forminator-field-email forminator-col forminator-col-12 \"><div class=\"forminator-field\"><input type=\"email\" name=\"email-1\" value=\"\" placeholder=\"Email\" id=\"forminator-field-email-1_69d4914b20ec5\" class=\"forminator-input forminator-email--field\" data-required=\"true\" aria-required=\"true\" autocomplete=\"email\" \/><\/div><\/div><\/div><div class=\"forminator-row\"><div id=\"phone-1\" class=\"forminator-field-phone forminator-col forminator-col-12 \"><div class=\"forminator-field\"><input type=\"text\" name=\"phone-1\" value=\"\" placeholder=\"Tel\u00e9fono\" id=\"forminator-field-phone-1_69d4914b20ec5\" class=\"forminator-input forminator-field--phone\" data-required=\"1\" aria-required=\"true\" autocomplete=\"off\" data-validation=\"1\" \/><\/div><\/div><\/div><div class=\"forminator-row\"><div id=\"select-1\" class=\"forminator-field-select forminator-col forminator-col-12 \"><div class=\"forminator-field\"><select  id=\"forminator-form-7266__field--select-1_69d4914b20ec5\" class=\"forminator-select--field forminator-select2 forminator-select2-multiple\" data-required=\"1\" name=\"select-1\" data-default-value=\"\" data-hidden-behavior=\"zero\" data-placeholder=\"Servicio\" data-search=\"false\" data-search-placeholder=\"Servicio\" data-checkbox=\"false\" data-allow-clear=\"false\" aria-labelledby=\"forminator-form-7266__field--select-1_69d4914b20ec5-label\"><option value=\"\"  >Servicio<\/option><option value=\"one\"  data-calculation=\"0\">Servicio<\/option><option value=\"two\"  data-calculation=\"0\">Traducci\u00f3n<\/option><option value=\"Proofreading-Editing\"  data-calculation=\"0\">Correcci\u00f3n y edici\u00f3n<\/option><option value=\"Copywriting\"  data-calculation=\"0\">Copywriting<\/option><option value=\"Social-Media\"  data-calculation=\"0\">Redes sociales<\/option><option value=\"Other\"  data-calculation=\"0\">Otros<\/option><\/select><\/div><\/div><\/div><div class=\"forminator-row\"><div id=\"select-2\" class=\"forminator-field-select forminator-col forminator-col-12 \"><div class=\"forminator-field\"><select  id=\"forminator-form-7266__field--select-2_69d4914b20ec5\" class=\"forminator-select--field forminator-select2 forminator-select2-multiple\" data-required=\"1\" name=\"select-2\" data-default-value=\"\" data-hidden-behavior=\"zero\" data-placeholder=\"Idioma de origen\" data-search=\"false\" data-search-placeholder=\"Idioma de origen\" data-checkbox=\"false\" data-allow-clear=\"false\" aria-labelledby=\"forminator-form-7266__field--select-2_69d4914b20ec5-label\"><option value=\"\"  >Idioma de origen<\/option><option value=\"one\"  data-calculation=\"0\">Ingl\u00e9s<\/option><option value=\"two\"  data-calculation=\"0\">Espa\u00f1ol<\/option><\/select><\/div><\/div><\/div><div class=\"forminator-row\"><div id=\"select-3\" class=\"forminator-field-select forminator-col forminator-col-12 \"><div class=\"forminator-field\"><select  id=\"forminator-form-7266__field--select-3_69d4914b20ec5\" class=\"forminator-select--field forminator-select2 forminator-select2-multiple\" data-required=\"1\" name=\"select-3\" data-default-value=\"\" data-hidden-behavior=\"zero\" data-placeholder=\"Idioma de destino\" data-search=\"false\" data-search-placeholder=\"Idioma de destino\" data-checkbox=\"false\" data-allow-clear=\"false\" aria-labelledby=\"forminator-form-7266__field--select-3_69d4914b20ec5-label\"><option value=\"\"  >Idioma de destino<\/option><option value=\"one\"  data-calculation=\"0\">Ingl\u00e9s<\/option><option value=\"two\"  data-calculation=\"0\">Espa\u00f1ol<\/option><\/select><\/div><\/div><\/div><\/div><\/div><div\n\t\t\t\ttabindex=\"-1\"\n\t\t\t\trole=\"tabpanel\"\n\t\t\t\tid=\"forminator-custom-form-7266--page-1\"\n\t\t\t\tclass=\"forminator-pagination\"\n\t\t\t\taria-labelledby=\"forminator-custom-form-7266--page-1-label\"\n\t\t\t\taria-hidden=\"true\"\n\t\t\t\tdata-step=\"1\"\n\t\t\t\tdata-label=\"Paso 1\"\n\t\t\t\tdata-actual-label=\"Finalizar\"\n\t\t\t\tdata-name=\"\"\n\t\t\t\thidden\n\t\t\t><div class=\"forminator-pagination--content\"><div class=\"forminator-row\"><div id=\"date-1\" class=\"forminator-field-date forminator-col forminator-col-12 \"><div class=\"forminator-field\"><label for=\"forminator-field-date-1-picker_69d4914b20ec5\" id=\"forminator-field-date-1-picker_69d4914b20ec5-label\" class=\"forminator-label\">Fecha <span class=\"forminator-required\">*<\/span><\/label><div class=\"forminator-input-with-icon\"><span class=\"forminator-icon-calendar\" aria-hidden=\"true\"><\/span><input autocomplete=\"off\" type=\"text\" size=\"1\" name=\"date-1\" value=\"\" placeholder=\"Plazo de entrega (dd\/mm\/yyyy)\" id=\"forminator-field-date-1-picker_69d4914b20ec5\" class=\"forminator-input forminator-datepicker\" data-required=\"1\" data-format=\"dd-mm-yy\" data-restrict-type=\"\" data-restrict=\"\" data-start-year=\"1926\" data-end-year=\"2126\" data-past-dates=\"enable\" data-start-of-week=\"1\" data-start-date=\"\" data-end-date=\"\" data-start-field=\"\" data-end-field=\"\" data-start-offset=\"\" data-end-offset=\"\" data-disable-date=\"\" data-disable-range=\"\" \/><\/div><\/div><\/div><\/div><div class=\"forminator-row\"><div id=\"text-1\" class=\"forminator-field-text forminator-col forminator-col-12 \"><div class=\"forminator-field\"><input type=\"text\" name=\"text-1\" value=\"\" placeholder=\"Cup\u00f3n de descuento:\" id=\"forminator-field-text-1_69d4914b20ec5\" class=\"forminator-input forminator-name--field\" data-required=\"\" \/><\/div><\/div><\/div><div class=\"forminator-row\"><div id=\"upload-1\" class=\"forminator-field-upload forminator-col forminator-col-12 \"><div class=\"forminator-field\"><span id=\"forminator-field-upload-1_69d4914b20ec5-description\" class=\"forminator-description\">Hasta 3 archivos<\/span><div class=\"forminator-multi-upload \" data-element=\"upload-1_69d4914b20ec5\" aria-describedby=\"forminator-field-upload-1_69d4914b20ec5-description\"><input type=\"file\" name=\"upload-1[]\" id=\"forminator-field-upload-1_69d4914b20ec5\" class=\"forminator-input-file forminator-field-upload-1_69d4914b20ec5-7266\" multiple=\"multiple\" data-method=\"ajax\" data-limit=\"3\" data-limit-message=\"Puedes subir un m\u00e1ximo de 3 archivos.\" data-size=\"10000000\" data-size-message=\"El tama\u00f1o m\u00e1ximo de archivo permitido es 10 MB. \"><div class=\"forminator-multi-upload-message\" aria-hidden=\"true\"><span class=\"forminator-icon-upload\" aria-hidden=\"true\"><\/span><p>Arrastrar y soltar (o) <a class=\"forminator-upload-file--forminator-field-upload-1_69d4914b20ec5\" href=\"#\" onclick=\"return false;\">cambiar archivos<\/a><\/p><\/div><\/div><ul class=\"forminator-uploaded-files upload-container-upload-1_69d4914b20ec5\"><\/ul><\/div><\/div><\/div><div class=\"forminator-row\"><div id=\"textarea-2\" class=\"forminator-field-textarea forminator-col forminator-col-12 \"><div class=\"forminator-field\"><textarea name=\"textarea-2\" placeholder=\"Mensaje\" id=\"forminator-field-textarea-2_69d4914b20ec5\" class=\"forminator-textarea\" rows=\"6\" style=\"min-height:140px;\" ><\/textarea><\/div><\/div><\/div><div class=\"forminator-row\"><div id=\"captcha-1\" class=\"forminator-field-captcha forminator-col forminator-col-12 \"><div class=\"forminator-captcha-left forminator-g-recaptcha recaptcha-invisible\" data-theme=\"light\" data-badge=\"inline\" data-sitekey=\"6LdP9lYrAAAAAKNk57DUEtrRp-aaKpUJZw0ENl30\" data-size=\"invisible\"><\/div> <\/div><\/div><\/div><button class=\"forminator-button forminator-pagination-submit\" style=\"display: none;\" disabled>Solicitar Presupuesto<\/button><\/div><input type=\"hidden\" name=\"referer_url\" value=\"\" \/><input type=\"hidden\" id=\"forminator_nonce\" name=\"forminator_nonce\" value=\"9f6d164c47\" \/><input type=\"hidden\" name=\"_wp_http_referer\" value=\"\/es\/wp-json\/wp\/v2\/pages\/3025\" \/><input type=\"hidden\" name=\"form_id\" value=\"7266\"><input type=\"hidden\" name=\"page_id\" value=\"3025\"><input type=\"hidden\" name=\"form_type\" value=\"default\"><input type=\"hidden\" name=\"current_url\" value=\"https:\/\/transpanish.biz\/es\/glosarios\/\"><input type=\"hidden\" name=\"render_id\" value=\"0\"><input type=\"hidden\" name=\"forminator-multifile-hidden\" class=\"forminator-multifile-hidden\"><input type=\"hidden\" name=\"action\" value=\"forminator_submit_form_custom-forms\"><\/form><\/div>\n\t\t\t\t\t\t<\/div>\n\t\t\t\t<\/div>\n\t\t\t\t<\/div>\n\t\t<div class=\"elementor-element elementor-element-1a7d92b e-con-full e-flex e-con e-child\" data-id=\"1a7d92b\" data-element_type=\"container\" data-e-type=\"container\">\n\t\t\t\t<div class=\"elementor-element elementor-element-8b5cba5 elementor-widget elementor-widget-image\" data-id=\"8b5cba5\" data-element_type=\"widget\" data-e-type=\"widget\" data-widget_type=\"image.default\">\n\t\t\t\t<div class=\"elementor-widget-container\">\n\t\t\t\t\t\t\t\t\t\t\t\t\t\t\t<img fetchpriority=\"high\" decoding=\"async\" width=\"2560\" height=\"1874\" src=\"https:\/\/transpanish.biz\/es\/wp-content\/uploads\/2025\/05\/6fe54580-632f-4f89-893f-ed85b050ef88_11zon-scaled-1.webp\" class=\"attachment-full size-full wp-image-4951\" alt=\"\" srcset=\"https:\/\/transpanish.biz\/es\/wp-content\/uploads\/2025\/05\/6fe54580-632f-4f89-893f-ed85b050ef88_11zon-scaled-1.webp 2560w, https:\/\/transpanish.biz\/es\/wp-content\/uploads\/2025\/05\/6fe54580-632f-4f89-893f-ed85b050ef88_11zon-scaled-1-480x351.webp 480w, https:\/\/transpanish.biz\/es\/wp-content\/uploads\/2025\/05\/6fe54580-632f-4f89-893f-ed85b050ef88_11zon-scaled-1-1200x878.webp 1200w, https:\/\/transpanish.biz\/es\/wp-content\/uploads\/2025\/05\/6fe54580-632f-4f89-893f-ed85b050ef88_11zon-scaled-1-768x562.webp 768w, https:\/\/transpanish.biz\/es\/wp-content\/uploads\/2025\/05\/6fe54580-632f-4f89-893f-ed85b050ef88_11zon-scaled-1-1536x1124.webp 1536w, https:\/\/transpanish.biz\/es\/wp-content\/uploads\/2025\/05\/6fe54580-632f-4f89-893f-ed85b050ef88_11zon-scaled-1-2048x1499.webp 2048w, https:\/\/transpanish.biz\/es\/wp-content\/uploads\/2025\/05\/6fe54580-632f-4f89-893f-ed85b050ef88_11zon-scaled-1-880x644.webp 880w, https:\/\/transpanish.biz\/es\/wp-content\/uploads\/2025\/05\/6fe54580-632f-4f89-893f-ed85b050ef88_11zon-scaled-1-922x675.webp 922w\" sizes=\"(max-width: 2560px) 100vw, 2560px\" \/>\t\t\t\t\t\t\t\t\t\t\t\t\t\t\t<\/div>\n\t\t\t\t<\/div>\n\t\t\t\t<\/div>\n\t\t\t\t<\/div>\n\t\t<div class=\"elementor-element elementor-element-73a7985 e-con-full e-flex e-con e-parent\" data-id=\"73a7985\" data-element_type=\"container\" data-e-type=\"container\">\n\t\t<div class=\"elementor-element elementor-element-4138ba5 e-con-full e-flex e-con e-child\" data-id=\"4138ba5\" data-element_type=\"container\" data-e-type=\"container\" data-settings=\"{&quot;background_background&quot;:&quot;classic&quot;}\">\n\t\t\t\t<div class=\"elementor-element elementor-element-16e7544 elementor-widget__width-initial elementor-widget-mobile__width-inherit elementor-widget-laptop__width-initial elementor-widget elementor-widget-heading\" data-id=\"16e7544\" data-element_type=\"widget\" data-e-type=\"widget\" data-widget_type=\"heading.default\">\n\t\t\t\t<div class=\"elementor-widget-container\">\n\t\t\t\t\t<h2 class=\"elementor-heading-title elementor-size-default\"> <span style=\"color:#1E73BE\">Obtenga una cotizaci\u00f3n instant\u00e1nea<\/span> y comience su proyecto de inmediato.<\/h2>\t\t\t\t<\/div>\n\t\t\t\t<\/div>\n\t\t\t\t<div class=\"elementor-element elementor-element-40bb002 elementor-widget elementor-widget-text-editor\" data-id=\"40bb002\" data-element_type=\"widget\" data-e-type=\"widget\" data-widget_type=\"text-editor.default\">\n\t\t\t\t<div class=\"elementor-widget-container\">\n\t\t\t\t\t\t\t\t\t<p>La forma m\u00e1s f\u00e1cil de traducir sus documentos r\u00e1pidamente.<\/p>\t\t\t\t\t\t\t\t<\/div>\n\t\t\t\t<\/div>\n\t\t\t\t<div class=\"elementor-element elementor-element-9b58639 elementor-align-left elementor-mobile-align-center elementor-widget elementor-widget-button\" data-id=\"9b58639\" data-element_type=\"widget\" data-e-type=\"widget\" data-widget_type=\"button.default\">\n\t\t\t\t<div class=\"elementor-widget-container\">\n\t\t\t\t\t\t\t\t\t<div class=\"elementor-button-wrapper\">\n\t\t\t\t\t<a class=\"elementor-button elementor-button-link elementor-size-sm\" href=\"https:\/\/transpanish.biz\/es\/solicite-presupuesto\/\">\n\t\t\t\t\t\t<span class=\"elementor-button-content-wrapper\">\n\t\t\t\t\t\t\t\t\t<span class=\"elementor-button-text\">COTIZACI\u00d3N INMEDIATA<\/span>\n\t\t\t\t\t<\/span>\n\t\t\t\t\t<\/a>\n\t\t\t\t<\/div>\n\t\t\t\t\t\t\t\t<\/div>\n\t\t\t\t<\/div>\n\t\t\t\t<\/div>\n\t\t\t\t<\/div>\n\t\t\t\t<\/div>\n\t\t","protected":false},"excerpt":{"rendered":"<p>Glosarios de ingl\u00e9s y espa\u00f1ol Glosario de Ginecolog\u00eda y Obstetricia Glosario Farmac\u00e9utico Prefijos y Sufijos M\u00e9dicos Glosario COVID-19 (Ingl\u00e9s-Espa\u00f1ol-Portugu\u00e9s) Solicite su presupuesto de traducci\u00f3n sin cargo Obtenga una cotizaci\u00f3n instant\u00e1nea y comience su proyecto de inmediato. La forma m\u00e1s f\u00e1cil de traducir sus documentos r\u00e1pidamente. COTIZACI\u00d3N INMEDIATA<\/p>\n","protected":false},"author":1,"featured_media":0,"parent":0,"menu_order":0,"comment_status":"closed","ping_status":"closed","template":"elementor_header_footer","meta":{"footnotes":""},"class_list":["post-3025","page","type-page","status-publish","hentry"],"aioseo_notices":[],"_links":{"self":[{"href":"https:\/\/transpanish.biz\/es\/wp-json\/wp\/v2\/pages\/3025","targetHints":{"allow":["GET"]}}],"collection":[{"href":"https:\/\/transpanish.biz\/es\/wp-json\/wp\/v2\/pages"}],"about":[{"href":"https:\/\/transpanish.biz\/es\/wp-json\/wp\/v2\/types\/page"}],"author":[{"embeddable":true,"href":"https:\/\/transpanish.biz\/es\/wp-json\/wp\/v2\/users\/1"}],"replies":[{"embeddable":true,"href":"https:\/\/transpanish.biz\/es\/wp-json\/wp\/v2\/comments?post=3025"}],"version-history":[{"count":18,"href":"https:\/\/transpanish.biz\/es\/wp-json\/wp\/v2\/pages\/3025\/revisions"}],"predecessor-version":[{"id":7433,"href":"https:\/\/transpanish.biz\/es\/wp-json\/wp\/v2\/pages\/3025\/revisions\/7433"}],"wp:attachment":[{"href":"https:\/\/transpanish.biz\/es\/wp-json\/wp\/v2\/media?parent=3025"}],"curies":[{"name":"wp","href":"https:\/\/api.w.org\/{rel}","templated":true}]}}